{"id":8811,"date":"2025-05-09T10:58:46","date_gmt":"2025-05-09T08:58:46","guid":{"rendered":"https:\/\/rollierpaysage.ch\/?post_type=product&#038;p=8811"},"modified":"2026-03-30T16:34:45","modified_gmt":"2026-03-30T14:34:45","slug":"immortelle-a-bractee","status":"publish","type":"product","link":"https:\/\/rollierpaysage.ch\/?product=immortelle-a-bractee","title":{"rendered":"Immortelle \u00e0 bract\u00e9e"},"content":{"rendered":"","protected":false},"excerpt":{"rendered":"<p>Plante annuelle qui fleurit en d&rsquo;innombrables variantes de couleurs et de motifs. Elle atteint une hauteur de 80cm. Parfaite pour \u00eatre s\u00e9ch\u00e9e car elle garde longtemps ses couleurs.<\/p>\n<p>Floraison: juillet \u00e0 novembre<\/p>\n<p>Exposition: soleil<\/p>\n<p>Distance de plantation: 40cm<\/p>\n","protected":false},"featured_media":8812,"template":"","meta":[],"product_brand":[],"product_cat":[55,44,56],"product_tag":[],"class_list":{"0":"post-8811","1":"product","2":"type-product","3":"status-publish","4":"has-post-thumbnail","6":"product_cat-bientot-disponible","7":"product_cat-fleur","8":"product_cat-plantons","10":"first","11":"outofstock","12":"shipping-taxable","13":"purchasable","14":"product-type-simple"},"_links":{"self":[{"href":"https:\/\/rollierpaysage.ch\/index.php?rest_route=\/wp\/v2\/product\/8811","targetHints":{"allow":["GET"]}}],"collection":[{"href":"https:\/\/rollierpaysage.ch\/index.php?rest_route=\/wp\/v2\/product"}],"about":[{"href":"https:\/\/rollierpaysage.ch\/index.php?rest_route=\/wp\/v2\/types\/product"}],"wp:featuredmedia":[{"embeddable":true,"href":"https:\/\/rollierpaysage.ch\/index.php?rest_route=\/wp\/v2\/media\/8812"}],"wp:attachment":[{"href":"https:\/\/rollierpaysage.ch\/index.php?rest_route=%2Fwp%2Fv2%2Fmedia&parent=8811"}],"wp:term":[{"taxonomy":"product_brand","embeddable":true,"href":"https:\/\/rollierpaysage.ch\/index.php?rest_route=%2Fwp%2Fv2%2Fproduct_brand&post=8811"},{"taxonomy":"product_cat","embeddable":true,"href":"https:\/\/rollierpaysage.ch\/index.php?rest_route=%2Fwp%2Fv2%2Fproduct_cat&post=8811"},{"taxonomy":"product_tag","embeddable":true,"href":"https:\/\/rollierpaysage.ch\/index.php?rest_route=%2Fwp%2Fv2%2Fproduct_tag&post=8811"}],"curies":[{"name":"wp","href":"https:\/\/api.w.org\/{rel}","templated":true}]}}