{"id":8805,"date":"2025-06-03T15:30:33","date_gmt":"2025-06-03T13:30:33","guid":{"rendered":"https:\/\/rollierpaysage.ch\/?post_type=product&#038;p=8805"},"modified":"2026-03-30T16:34:04","modified_gmt":"2026-03-30T14:34:04","slug":"edelweiss","status":"publish","type":"product","link":"https:\/\/rollierpaysage.ch\/?product=edelweiss","title":{"rendered":"Edelweiss"},"content":{"rendered":"","protected":false},"excerpt":{"rendered":"<p>Plante vivace typique des r\u00e9gions alpines, aux fleurs d&rsquo;un blanc \u00e9clatant atteignant 15 \u00e0 25cm de haut. Se pla\u00eet aussi dans les rocailles avec un sol drain\u00e9 et calcaire.<\/p>\n<p>Floraison: juin \u00e0 septembre<\/p>\n<p>Exposition: soleil<\/p>\n<p>Distance de plantation: 25cm<\/p>\n","protected":false},"featured_media":8806,"template":"","meta":[],"product_brand":[],"product_cat":[55,44,56],"product_tag":[],"class_list":{"0":"post-8805","1":"product","2":"type-product","3":"status-publish","4":"has-post-thumbnail","6":"product_cat-bientot-disponible","7":"product_cat-fleur","8":"product_cat-plantons","10":"first","11":"outofstock","12":"shipping-taxable","13":"purchasable","14":"product-type-simple"},"_links":{"self":[{"href":"https:\/\/rollierpaysage.ch\/index.php?rest_route=\/wp\/v2\/product\/8805","targetHints":{"allow":["GET"]}}],"collection":[{"href":"https:\/\/rollierpaysage.ch\/index.php?rest_route=\/wp\/v2\/product"}],"about":[{"href":"https:\/\/rollierpaysage.ch\/index.php?rest_route=\/wp\/v2\/types\/product"}],"wp:featuredmedia":[{"embeddable":true,"href":"https:\/\/rollierpaysage.ch\/index.php?rest_route=\/wp\/v2\/media\/8806"}],"wp:attachment":[{"href":"https:\/\/rollierpaysage.ch\/index.php?rest_route=%2Fwp%2Fv2%2Fmedia&parent=8805"}],"wp:term":[{"taxonomy":"product_brand","embeddable":true,"href":"https:\/\/rollierpaysage.ch\/index.php?rest_route=%2Fwp%2Fv2%2Fproduct_brand&post=8805"},{"taxonomy":"product_cat","embeddable":true,"href":"https:\/\/rollierpaysage.ch\/index.php?rest_route=%2Fwp%2Fv2%2Fproduct_cat&post=8805"},{"taxonomy":"product_tag","embeddable":true,"href":"https:\/\/rollierpaysage.ch\/index.php?rest_route=%2Fwp%2Fv2%2Fproduct_tag&post=8805"}],"curies":[{"name":"wp","href":"https:\/\/api.w.org\/{rel}","templated":true}]}}