{"id":6405,"date":"2023-06-15T10:08:30","date_gmt":"2023-06-15T08:08:30","guid":{"rendered":"https:\/\/rollierpaysage.ch\/?post_type=product&#038;p=6405"},"modified":"2026-03-30T16:38:01","modified_gmt":"2026-03-30T14:38:01","slug":"tournesol-primerose","status":"publish","type":"product","link":"https:\/\/rollierpaysage.ch\/?product=tournesol-primerose","title":{"rendered":"Tournesol Primerose PSR"},"content":{"rendered":"","protected":false},"excerpt":{"rendered":"<p>Fleur annuelle, \u00e0 croissance ramifi\u00e9e et au jolies fleurs jaune p\u00e2le au centre fonc\u00e9. Les plantes atteignent une hauteur de 1 \u00e0 1,5m et conviennent donc aussi aux petits jardins. Fleur \u00e0 couper et appr\u00e9ci\u00e9e des insectes butineurs.<\/p>\n<p>Floraison: juillet \u00e0 octobre<\/p>\n<p>Exposition: soleil<\/p>\n<p>Distance de plantation: 30 \u00e0 40 cm.<\/p>\n","protected":false},"featured_media":8674,"template":"","meta":[],"product_brand":[],"product_cat":[55,44,56],"product_tag":[],"class_list":{"0":"post-6405","1":"product","2":"type-product","3":"status-publish","4":"has-post-thumbnail","6":"product_cat-bientot-disponible","7":"product_cat-fleur","8":"product_cat-plantons","10":"first","11":"outofstock","12":"shipping-taxable","13":"purchasable","14":"product-type-simple"},"_links":{"self":[{"href":"https:\/\/rollierpaysage.ch\/index.php?rest_route=\/wp\/v2\/product\/6405","targetHints":{"allow":["GET"]}}],"collection":[{"href":"https:\/\/rollierpaysage.ch\/index.php?rest_route=\/wp\/v2\/product"}],"about":[{"href":"https:\/\/rollierpaysage.ch\/index.php?rest_route=\/wp\/v2\/types\/product"}],"wp:featuredmedia":[{"embeddable":true,"href":"https:\/\/rollierpaysage.ch\/index.php?rest_route=\/wp\/v2\/media\/8674"}],"wp:attachment":[{"href":"https:\/\/rollierpaysage.ch\/index.php?rest_route=%2Fwp%2Fv2%2Fmedia&parent=6405"}],"wp:term":[{"taxonomy":"product_brand","embeddable":true,"href":"https:\/\/rollierpaysage.ch\/index.php?rest_route=%2Fwp%2Fv2%2Fproduct_brand&post=6405"},{"taxonomy":"product_cat","embeddable":true,"href":"https:\/\/rollierpaysage.ch\/index.php?rest_route=%2Fwp%2Fv2%2Fproduct_cat&post=6405"},{"taxonomy":"product_tag","embeddable":true,"href":"https:\/\/rollierpaysage.ch\/index.php?rest_route=%2Fwp%2Fv2%2Fproduct_tag&post=6405"}],"curies":[{"name":"wp","href":"https:\/\/api.w.org\/{rel}","templated":true}]}}