{"id":6325,"date":"2023-06-12T11:15:06","date_gmt":"2023-06-12T09:15:06","guid":{"rendered":"https:\/\/rollierpaysage.ch\/?post_type=product&#038;p=6325"},"modified":"2026-03-30T16:38:13","modified_gmt":"2026-03-30T14:38:13","slug":"tagete-petite-orange-psr","status":"publish","type":"product","link":"https:\/\/rollierpaysage.ch\/?product=tagete-petite-orange-psr","title":{"rendered":"Tag\u00e8te Petite Orange PSR"},"content":{"rendered":"","protected":false},"excerpt":{"rendered":"<p>Vari\u00e9t\u00e9 annuelle vigoureuse, de couleur orange intense qui fleurit de juin \u00e0 octobre.<\/p>\n<p>Fleur appr\u00e9ci\u00e9e des abeilles.<\/p>\n<p>Distance de plantation: 15 &#8211; 20 cm<\/p>\n","protected":false},"featured_media":6685,"template":"","meta":[],"product_brand":[],"product_cat":[55,44,56],"product_tag":[],"class_list":{"0":"post-6325","1":"product","2":"type-product","3":"status-publish","4":"has-post-thumbnail","6":"product_cat-bientot-disponible","7":"product_cat-fleur","8":"product_cat-plantons","10":"first","11":"outofstock","12":"shipping-taxable","13":"purchasable","14":"product-type-simple"},"_links":{"self":[{"href":"https:\/\/rollierpaysage.ch\/index.php?rest_route=\/wp\/v2\/product\/6325","targetHints":{"allow":["GET"]}}],"collection":[{"href":"https:\/\/rollierpaysage.ch\/index.php?rest_route=\/wp\/v2\/product"}],"about":[{"href":"https:\/\/rollierpaysage.ch\/index.php?rest_route=\/wp\/v2\/types\/product"}],"wp:featuredmedia":[{"embeddable":true,"href":"https:\/\/rollierpaysage.ch\/index.php?rest_route=\/wp\/v2\/media\/6685"}],"wp:attachment":[{"href":"https:\/\/rollierpaysage.ch\/index.php?rest_route=%2Fwp%2Fv2%2Fmedia&parent=6325"}],"wp:term":[{"taxonomy":"product_brand","embeddable":true,"href":"https:\/\/rollierpaysage.ch\/index.php?rest_route=%2Fwp%2Fv2%2Fproduct_brand&post=6325"},{"taxonomy":"product_cat","embeddable":true,"href":"https:\/\/rollierpaysage.ch\/index.php?rest_route=%2Fwp%2Fv2%2Fproduct_cat&post=6325"},{"taxonomy":"product_tag","embeddable":true,"href":"https:\/\/rollierpaysage.ch\/index.php?rest_route=%2Fwp%2Fv2%2Fproduct_tag&post=6325"}],"curies":[{"name":"wp","href":"https:\/\/api.w.org\/{rel}","templated":true}]}}