{"id":4894,"date":"2023-03-10T09:54:14","date_gmt":"2023-03-10T08:54:14","guid":{"rendered":"https:\/\/rollierpaysage.ch\/?post_type=product&#038;p=4894"},"modified":"2026-03-30T16:38:59","modified_gmt":"2026-03-30T14:38:59","slug":"rudbeckie-herissee-psr","status":"publish","type":"product","link":"https:\/\/rollierpaysage.ch\/?product=rudbeckie-herissee-psr","title":{"rendered":"Rudbeckie h\u00e9riss\u00e9e PSR"},"content":{"rendered":"","protected":false},"excerpt":{"rendered":"<p>Plante \u00e0 croissance vigoureuse, robuste avec de grandes t\u00eates florales. Plante atteignant une hauteur de 80 cm. Bonne fleur \u00e0 couper, dur\u00e9e de vie particuli\u00e8rement longue en vase.<\/p>\n<p>Floraison: juillet \u00e0 octobre<\/p>\n<p>Exposition: soleil<\/p>\n<p>Distance de plantation: 35 cm<\/p>\n<p>&nbsp;<\/p>\n","protected":false},"featured_media":8792,"template":"","meta":[],"product_brand":[],"product_cat":[55,44,56],"product_tag":[],"class_list":{"0":"post-4894","1":"product","2":"type-product","3":"status-publish","4":"has-post-thumbnail","6":"product_cat-bientot-disponible","7":"product_cat-fleur","8":"product_cat-plantons","10":"first","11":"outofstock","12":"shipping-taxable","13":"purchasable","14":"product-type-simple"},"_links":{"self":[{"href":"https:\/\/rollierpaysage.ch\/index.php?rest_route=\/wp\/v2\/product\/4894","targetHints":{"allow":["GET"]}}],"collection":[{"href":"https:\/\/rollierpaysage.ch\/index.php?rest_route=\/wp\/v2\/product"}],"about":[{"href":"https:\/\/rollierpaysage.ch\/index.php?rest_route=\/wp\/v2\/types\/product"}],"wp:featuredmedia":[{"embeddable":true,"href":"https:\/\/rollierpaysage.ch\/index.php?rest_route=\/wp\/v2\/media\/8792"}],"wp:attachment":[{"href":"https:\/\/rollierpaysage.ch\/index.php?rest_route=%2Fwp%2Fv2%2Fmedia&parent=4894"}],"wp:term":[{"taxonomy":"product_brand","embeddable":true,"href":"https:\/\/rollierpaysage.ch\/index.php?rest_route=%2Fwp%2Fv2%2Fproduct_brand&post=4894"},{"taxonomy":"product_cat","embeddable":true,"href":"https:\/\/rollierpaysage.ch\/index.php?rest_route=%2Fwp%2Fv2%2Fproduct_cat&post=4894"},{"taxonomy":"product_tag","embeddable":true,"href":"https:\/\/rollierpaysage.ch\/index.php?rest_route=%2Fwp%2Fv2%2Fproduct_tag&post=4894"}],"curies":[{"name":"wp","href":"https:\/\/api.w.org\/{rel}","templated":true}]}}