{"id":4882,"date":"2023-02-27T14:53:58","date_gmt":"2023-02-27T13:53:58","guid":{"rendered":"https:\/\/rollierpaysage.ch\/?post_type=product&#038;p=4882"},"modified":"2026-03-31T10:00:19","modified_gmt":"2026-03-31T08:00:19","slug":"tomate-paul-robeson","status":"publish","type":"product","link":"https:\/\/rollierpaysage.ch\/?product=tomate-paul-robeson","title":{"rendered":"Tomate Paul Robeson"},"content":{"rendered":"","protected":false},"excerpt":{"rendered":"<p>Fruit rouge sombre au collet vert, l\u00e9g\u00e8rement c\u00f4tel\u00e9 et aplati, saveur douce et \u00e9pic\u00e9e.<\/p>\n","protected":false},"featured_media":6695,"template":"","meta":[],"product_brand":[],"product_cat":[55,62,56,31,49],"product_tag":[],"class_list":{"0":"post-4882","1":"product","2":"type-product","3":"status-publish","4":"has-post-thumbnail","6":"product_cat-bientot-disponible","7":"product_cat-legumes-fruits","8":"product_cat-plantons","9":"product_cat-tomate","10":"product_cat-tomate-a-fruits-moyens","12":"first","13":"outofstock","14":"shipping-taxable","15":"purchasable","16":"product-type-simple"},"_links":{"self":[{"href":"https:\/\/rollierpaysage.ch\/index.php?rest_route=\/wp\/v2\/product\/4882","targetHints":{"allow":["GET"]}}],"collection":[{"href":"https:\/\/rollierpaysage.ch\/index.php?rest_route=\/wp\/v2\/product"}],"about":[{"href":"https:\/\/rollierpaysage.ch\/index.php?rest_route=\/wp\/v2\/types\/product"}],"wp:featuredmedia":[{"embeddable":true,"href":"https:\/\/rollierpaysage.ch\/index.php?rest_route=\/wp\/v2\/media\/6695"}],"wp:attachment":[{"href":"https:\/\/rollierpaysage.ch\/index.php?rest_route=%2Fwp%2Fv2%2Fmedia&parent=4882"}],"wp:term":[{"taxonomy":"product_brand","embeddable":true,"href":"https:\/\/rollierpaysage.ch\/index.php?rest_route=%2Fwp%2Fv2%2Fproduct_brand&post=4882"},{"taxonomy":"product_cat","embeddable":true,"href":"https:\/\/rollierpaysage.ch\/index.php?rest_route=%2Fwp%2Fv2%2Fproduct_cat&post=4882"},{"taxonomy":"product_tag","embeddable":true,"href":"https:\/\/rollierpaysage.ch\/index.php?rest_route=%2Fwp%2Fv2%2Fproduct_tag&post=4882"}],"curies":[{"name":"wp","href":"https:\/\/api.w.org\/{rel}","templated":true}]}}