{"id":4881,"date":"2023-02-27T14:52:46","date_gmt":"2023-02-27T13:52:46","guid":{"rendered":"https:\/\/rollierpaysage.ch\/?post_type=product&#038;p=4881"},"modified":"2026-03-31T10:05:14","modified_gmt":"2026-03-31T08:05:14","slug":"tomate-tomatoberry","status":"publish","type":"product","link":"https:\/\/rollierpaysage.ch\/?product=tomate-tomatoberry","title":{"rendered":"Tomate Tomatoberry"},"content":{"rendered":"","protected":false},"excerpt":{"rendered":"<p>Fruit rouge en forme de fraise, vari\u00e9t\u00e9 pr\u00e9coce.<\/p>\n","protected":false},"featured_media":6749,"template":"","meta":[],"product_brand":[],"product_cat":[55,62,56,31,47],"product_tag":[],"class_list":{"0":"post-4881","1":"product","2":"type-product","3":"status-publish","4":"has-post-thumbnail","6":"product_cat-bientot-disponible","7":"product_cat-legumes-fruits","8":"product_cat-plantons","9":"product_cat-tomate","10":"product_cat-type-cerise-et-datte","12":"first","13":"outofstock","14":"shipping-taxable","15":"purchasable","16":"product-type-simple"},"_links":{"self":[{"href":"https:\/\/rollierpaysage.ch\/index.php?rest_route=\/wp\/v2\/product\/4881","targetHints":{"allow":["GET"]}}],"collection":[{"href":"https:\/\/rollierpaysage.ch\/index.php?rest_route=\/wp\/v2\/product"}],"about":[{"href":"https:\/\/rollierpaysage.ch\/index.php?rest_route=\/wp\/v2\/types\/product"}],"wp:featuredmedia":[{"embeddable":true,"href":"https:\/\/rollierpaysage.ch\/index.php?rest_route=\/wp\/v2\/media\/6749"}],"wp:attachment":[{"href":"https:\/\/rollierpaysage.ch\/index.php?rest_route=%2Fwp%2Fv2%2Fmedia&parent=4881"}],"wp:term":[{"taxonomy":"product_brand","embeddable":true,"href":"https:\/\/rollierpaysage.ch\/index.php?rest_route=%2Fwp%2Fv2%2Fproduct_brand&post=4881"},{"taxonomy":"product_cat","embeddable":true,"href":"https:\/\/rollierpaysage.ch\/index.php?rest_route=%2Fwp%2Fv2%2Fproduct_cat&post=4881"},{"taxonomy":"product_tag","embeddable":true,"href":"https:\/\/rollierpaysage.ch\/index.php?rest_route=%2Fwp%2Fv2%2Fproduct_tag&post=4881"}],"curies":[{"name":"wp","href":"https:\/\/api.w.org\/{rel}","templated":true}]}}