{"id":4876,"date":"2023-02-27T14:40:58","date_gmt":"2023-02-27T13:40:58","guid":{"rendered":"https:\/\/rollierpaysage.ch\/?post_type=product&#038;p=4876"},"modified":"2026-03-30T16:24:59","modified_gmt":"2026-03-30T14:24:59","slug":"courgette-de-gene","status":"publish","type":"product","link":"https:\/\/rollierpaysage.ch\/?product=courgette-de-gene","title":{"rendered":"Courgette de G\u00eanes PSR"},"content":{"rendered":"","protected":false},"excerpt":{"rendered":"<p>Vari\u00e9t\u00e9 Pro Specie Rara formant des fruits vert fonc\u00e9 stri\u00e9s de vert clair, au go\u00fbt fin et \u00e0 la chair ferme.<\/p>\n<p>La r\u00e9colte se fait de juin \u00e0 octobre, en cueillant r\u00e9guli\u00e8rement les fruits de petite taille afin que la plante en forme toujours de nouveaux.<\/p>\n<p>Distance de plantation: 75 cm.<\/p>\n","protected":false},"featured_media":6756,"template":"","meta":[],"product_brand":[],"product_cat":[55,29,63,56],"product_tag":[],"class_list":{"0":"post-4876","1":"product","2":"type-product","3":"status-publish","4":"has-post-thumbnail","6":"product_cat-bientot-disponible","7":"product_cat-courgette","8":"product_cat-cucurbitacees","9":"product_cat-plantons","11":"first","12":"outofstock","13":"shipping-taxable","14":"purchasable","15":"product-type-simple"},"_links":{"self":[{"href":"https:\/\/rollierpaysage.ch\/index.php?rest_route=\/wp\/v2\/product\/4876","targetHints":{"allow":["GET"]}}],"collection":[{"href":"https:\/\/rollierpaysage.ch\/index.php?rest_route=\/wp\/v2\/product"}],"about":[{"href":"https:\/\/rollierpaysage.ch\/index.php?rest_route=\/wp\/v2\/types\/product"}],"wp:featuredmedia":[{"embeddable":true,"href":"https:\/\/rollierpaysage.ch\/index.php?rest_route=\/wp\/v2\/media\/6756"}],"wp:attachment":[{"href":"https:\/\/rollierpaysage.ch\/index.php?rest_route=%2Fwp%2Fv2%2Fmedia&parent=4876"}],"wp:term":[{"taxonomy":"product_brand","embeddable":true,"href":"https:\/\/rollierpaysage.ch\/index.php?rest_route=%2Fwp%2Fv2%2Fproduct_brand&post=4876"},{"taxonomy":"product_cat","embeddable":true,"href":"https:\/\/rollierpaysage.ch\/index.php?rest_route=%2Fwp%2Fv2%2Fproduct_cat&post=4876"},{"taxonomy":"product_tag","embeddable":true,"href":"https:\/\/rollierpaysage.ch\/index.php?rest_route=%2Fwp%2Fv2%2Fproduct_tag&post=4876"}],"curies":[{"name":"wp","href":"https:\/\/api.w.org\/{rel}","templated":true}]}}