{"id":2879,"date":"2022-04-16T20:21:27","date_gmt":"2022-04-16T18:21:27","guid":{"rendered":"https:\/\/rollierpaysage.ch\/?post_type=product&#038;p=2879"},"modified":"2026-03-31T09:07:24","modified_gmt":"2026-03-31T07:07:24","slug":"betterave-chioggia-psr","status":"publish","type":"product","link":"https:\/\/rollierpaysage.ch\/?product=betterave-chioggia-psr","title":{"rendered":"Betterave Chioggia PSR"},"content":{"rendered":"","protected":false},"excerpt":{"rendered":"<p>Ancienne vari\u00e9t\u00e9 italienne tr\u00e8s pr\u00e9coce. L&rsquo;int\u00e9rieur est caract\u00e9ris\u00e9 par l&rsquo;alternance d&rsquo;anneaux blancs et rouges. Chair fine et douce, conseill\u00e9e surtout en salade car les anneaux s&rsquo;estompent \u00e0 la cuisson.<\/p>\n<p>La r\u00e9colte se fait de juin \u00e0 novembre, selon la date de plantation et la taille d\u00e9sir\u00e9e.<\/p>\n<p>Vari\u00e9t\u00e9 Pro Specie Rara.<\/p>\n<p>Distance de plantation: 10 \u00e0 15 cm.<\/p>\n","protected":false},"featured_media":6766,"template":"","meta":[],"product_brand":[],"product_cat":[55,36,56],"product_tag":[],"class_list":{"0":"post-2879","1":"product","2":"type-product","3":"status-publish","4":"has-post-thumbnail","6":"product_cat-bientot-disponible","7":"product_cat-legume-racine","8":"product_cat-plantons","10":"first","11":"outofstock","12":"shipping-taxable","13":"purchasable","14":"product-type-simple"},"_links":{"self":[{"href":"https:\/\/rollierpaysage.ch\/index.php?rest_route=\/wp\/v2\/product\/2879","targetHints":{"allow":["GET"]}}],"collection":[{"href":"https:\/\/rollierpaysage.ch\/index.php?rest_route=\/wp\/v2\/product"}],"about":[{"href":"https:\/\/rollierpaysage.ch\/index.php?rest_route=\/wp\/v2\/types\/product"}],"wp:featuredmedia":[{"embeddable":true,"href":"https:\/\/rollierpaysage.ch\/index.php?rest_route=\/wp\/v2\/media\/6766"}],"wp:attachment":[{"href":"https:\/\/rollierpaysage.ch\/index.php?rest_route=%2Fwp%2Fv2%2Fmedia&parent=2879"}],"wp:term":[{"taxonomy":"product_brand","embeddable":true,"href":"https:\/\/rollierpaysage.ch\/index.php?rest_route=%2Fwp%2Fv2%2Fproduct_brand&post=2879"},{"taxonomy":"product_cat","embeddable":true,"href":"https:\/\/rollierpaysage.ch\/index.php?rest_route=%2Fwp%2Fv2%2Fproduct_cat&post=2879"},{"taxonomy":"product_tag","embeddable":true,"href":"https:\/\/rollierpaysage.ch\/index.php?rest_route=%2Fwp%2Fv2%2Fproduct_tag&post=2879"}],"curies":[{"name":"wp","href":"https:\/\/api.w.org\/{rel}","templated":true}]}}