{"id":2874,"date":"2022-04-16T20:20:11","date_gmt":"2022-04-16T18:20:11","guid":{"rendered":"https:\/\/rollierpaysage.ch\/?post_type=product&#038;p=2874"},"modified":"2026-03-30T16:44:17","modified_gmt":"2026-03-30T14:44:17","slug":"verveine-de-buenos-aires","status":"publish","type":"product","link":"https:\/\/rollierpaysage.ch\/?product=verveine-de-buenos-aires","title":{"rendered":"Verveine de Buenos Aires"},"content":{"rendered":"","protected":false},"excerpt":{"rendered":"<p>Fleur annuelle violette tr\u00e8s d\u00e9corative au port dress\u00e9 et a\u00e9r\u00e9 qui atteint une hauteur de 120 cm.\u00a0Fleurs appr\u00e9ci\u00e9es des insectes butineurs.<\/p>\n<p>Floraison: juillet \u00e0 octobre<\/p>\n<p>Exposition: soleil<\/p>\n<p>Distance de plantation: 40 cm.<\/p>\n","protected":false},"featured_media":6773,"template":"","meta":[],"product_brand":[],"product_cat":[55,44,56],"product_tag":[],"class_list":{"0":"post-2874","1":"product","2":"type-product","3":"status-publish","4":"has-post-thumbnail","6":"product_cat-bientot-disponible","7":"product_cat-fleur","8":"product_cat-plantons","10":"first","11":"outofstock","12":"shipping-taxable","13":"purchasable","14":"product-type-simple"},"_links":{"self":[{"href":"https:\/\/rollierpaysage.ch\/index.php?rest_route=\/wp\/v2\/product\/2874","targetHints":{"allow":["GET"]}}],"collection":[{"href":"https:\/\/rollierpaysage.ch\/index.php?rest_route=\/wp\/v2\/product"}],"about":[{"href":"https:\/\/rollierpaysage.ch\/index.php?rest_route=\/wp\/v2\/types\/product"}],"wp:featuredmedia":[{"embeddable":true,"href":"https:\/\/rollierpaysage.ch\/index.php?rest_route=\/wp\/v2\/media\/6773"}],"wp:attachment":[{"href":"https:\/\/rollierpaysage.ch\/index.php?rest_route=%2Fwp%2Fv2%2Fmedia&parent=2874"}],"wp:term":[{"taxonomy":"product_brand","embeddable":true,"href":"https:\/\/rollierpaysage.ch\/index.php?rest_route=%2Fwp%2Fv2%2Fproduct_brand&post=2874"},{"taxonomy":"product_cat","embeddable":true,"href":"https:\/\/rollierpaysage.ch\/index.php?rest_route=%2Fwp%2Fv2%2Fproduct_cat&post=2874"},{"taxonomy":"product_tag","embeddable":true,"href":"https:\/\/rollierpaysage.ch\/index.php?rest_route=%2Fwp%2Fv2%2Fproduct_tag&post=2874"}],"curies":[{"name":"wp","href":"https:\/\/api.w.org\/{rel}","templated":true}]}}