{"id":2862,"date":"2022-04-16T19:42:52","date_gmt":"2022-04-16T17:42:52","guid":{"rendered":"https:\/\/rollierpaysage.ch\/?post_type=product&#038;p=2862"},"modified":"2026-03-30T16:45:38","modified_gmt":"2026-03-30T14:45:38","slug":"oeillet-a-delta","status":"publish","type":"product","link":"https:\/\/rollierpaysage.ch\/?product=oeillet-a-delta","title":{"rendered":"Oeillet \u00e0 delta"},"content":{"rendered":"","protected":false},"excerpt":{"rendered":"<p>Plante vivace tapissante aux petites fleurs rose brillant \u00e0 rouge \u00e9carlate qui peuvent atteindre une hauteur de 10 \u00e0 25 cm.\u00a0Fleurs particuli\u00e8rement appr\u00e9ci\u00e9es des papillons.<\/p>\n<p>Floraison: juin \u00e0 septembre<\/p>\n<p>Exposition: soleil<\/p>\n<p>Distance de plantation: 25 cm.<\/p>\n","protected":false},"featured_media":6783,"template":"","meta":[],"product_brand":[],"product_cat":[55,44,56],"product_tag":[],"class_list":{"0":"post-2862","1":"product","2":"type-product","3":"status-publish","4":"has-post-thumbnail","6":"product_cat-bientot-disponible","7":"product_cat-fleur","8":"product_cat-plantons","10":"first","11":"outofstock","12":"shipping-taxable","13":"purchasable","14":"product-type-simple"},"_links":{"self":[{"href":"https:\/\/rollierpaysage.ch\/index.php?rest_route=\/wp\/v2\/product\/2862","targetHints":{"allow":["GET"]}}],"collection":[{"href":"https:\/\/rollierpaysage.ch\/index.php?rest_route=\/wp\/v2\/product"}],"about":[{"href":"https:\/\/rollierpaysage.ch\/index.php?rest_route=\/wp\/v2\/types\/product"}],"wp:featuredmedia":[{"embeddable":true,"href":"https:\/\/rollierpaysage.ch\/index.php?rest_route=\/wp\/v2\/media\/6783"}],"wp:attachment":[{"href":"https:\/\/rollierpaysage.ch\/index.php?rest_route=%2Fwp%2Fv2%2Fmedia&parent=2862"}],"wp:term":[{"taxonomy":"product_brand","embeddable":true,"href":"https:\/\/rollierpaysage.ch\/index.php?rest_route=%2Fwp%2Fv2%2Fproduct_brand&post=2862"},{"taxonomy":"product_cat","embeddable":true,"href":"https:\/\/rollierpaysage.ch\/index.php?rest_route=%2Fwp%2Fv2%2Fproduct_cat&post=2862"},{"taxonomy":"product_tag","embeddable":true,"href":"https:\/\/rollierpaysage.ch\/index.php?rest_route=%2Fwp%2Fv2%2Fproduct_tag&post=2862"}],"curies":[{"name":"wp","href":"https:\/\/api.w.org\/{rel}","templated":true}]}}