{"id":2861,"date":"2022-04-16T19:42:27","date_gmt":"2022-04-16T17:42:27","guid":{"rendered":"https:\/\/rollierpaysage.ch\/?post_type=product&#038;p=2861"},"modified":"2026-03-30T16:45:52","modified_gmt":"2026-03-30T14:45:52","slug":"nigelle-de-damas","status":"publish","type":"product","link":"https:\/\/rollierpaysage.ch\/?product=nigelle-de-damas","title":{"rendered":"Nigelle de Damas"},"content":{"rendered":"","protected":false},"excerpt":{"rendered":"<p>Plante annuelle aux fleurs de divers tons allant du blanc au bleu, qui atteint une hauteur de 40 \u00e0 50 cm. Bonne fleur \u00e0 couper et appr\u00e9ci\u00e9e des insectes butineurs. Les portes-graines sont tr\u00e8s d\u00e9coratifs en fleurs s\u00e9ch\u00e9es.<\/p>\n<p>Floraison: juillet \u00e0 octobre<\/p>\n<p>Exposition: soleil \u00e0 mi-ombre<\/p>\n<p>Distance de plantation: 20 cm.<\/p>\n","protected":false},"featured_media":6784,"template":"","meta":[],"product_brand":[],"product_cat":[55,44,56],"product_tag":[],"class_list":{"0":"post-2861","1":"product","2":"type-product","3":"status-publish","4":"has-post-thumbnail","6":"product_cat-bientot-disponible","7":"product_cat-fleur","8":"product_cat-plantons","10":"first","11":"outofstock","12":"shipping-taxable","13":"purchasable","14":"product-type-simple"},"_links":{"self":[{"href":"https:\/\/rollierpaysage.ch\/index.php?rest_route=\/wp\/v2\/product\/2861","targetHints":{"allow":["GET"]}}],"collection":[{"href":"https:\/\/rollierpaysage.ch\/index.php?rest_route=\/wp\/v2\/product"}],"about":[{"href":"https:\/\/rollierpaysage.ch\/index.php?rest_route=\/wp\/v2\/types\/product"}],"wp:featuredmedia":[{"embeddable":true,"href":"https:\/\/rollierpaysage.ch\/index.php?rest_route=\/wp\/v2\/media\/6784"}],"wp:attachment":[{"href":"https:\/\/rollierpaysage.ch\/index.php?rest_route=%2Fwp%2Fv2%2Fmedia&parent=2861"}],"wp:term":[{"taxonomy":"product_brand","embeddable":true,"href":"https:\/\/rollierpaysage.ch\/index.php?rest_route=%2Fwp%2Fv2%2Fproduct_brand&post=2861"},{"taxonomy":"product_cat","embeddable":true,"href":"https:\/\/rollierpaysage.ch\/index.php?rest_route=%2Fwp%2Fv2%2Fproduct_cat&post=2861"},{"taxonomy":"product_tag","embeddable":true,"href":"https:\/\/rollierpaysage.ch\/index.php?rest_route=%2Fwp%2Fv2%2Fproduct_tag&post=2861"}],"curies":[{"name":"wp","href":"https:\/\/api.w.org\/{rel}","templated":true}]}}