{"id":2848,"date":"2022-03-19T10:58:05","date_gmt":"2022-03-19T09:58:05","guid":{"rendered":"https:\/\/rollierpaysage.ch\/?post_type=product&#038;p=2848"},"modified":"2026-03-30T16:47:09","modified_gmt":"2026-03-30T14:47:09","slug":"cosmos-bipinnatus","status":"publish","type":"product","link":"https:\/\/rollierpaysage.ch\/?product=cosmos-bipinnatus","title":{"rendered":"Cosmos bipinnatus"},"content":{"rendered":"","protected":false},"excerpt":{"rendered":"<p>Grande fleur annuelle au feuillage finement d\u00e9coup\u00e9 et aux fleurs allant du rose fonc\u00e9 au blanc. La plante peut atteindre une hauteur de 180 cm. Bonne fleur \u00e0 couper et appr\u00e9ci\u00e9e des insectes butineurs.<\/p>\n<p>Floraison: juin \u00e0 novembre<\/p>\n<p>Exposition: soleil \u00e0 mi-ombre<\/p>\n<p>Distance de plantation: 30 cm.<\/p>\n","protected":false},"featured_media":6668,"template":"","meta":[],"product_brand":[],"product_cat":[55,44,56],"product_tag":[],"class_list":{"0":"post-2848","1":"product","2":"type-product","3":"status-publish","4":"has-post-thumbnail","6":"product_cat-bientot-disponible","7":"product_cat-fleur","8":"product_cat-plantons","10":"first","11":"outofstock","12":"shipping-taxable","13":"purchasable","14":"product-type-simple"},"_links":{"self":[{"href":"https:\/\/rollierpaysage.ch\/index.php?rest_route=\/wp\/v2\/product\/2848","targetHints":{"allow":["GET"]}}],"collection":[{"href":"https:\/\/rollierpaysage.ch\/index.php?rest_route=\/wp\/v2\/product"}],"about":[{"href":"https:\/\/rollierpaysage.ch\/index.php?rest_route=\/wp\/v2\/types\/product"}],"wp:featuredmedia":[{"embeddable":true,"href":"https:\/\/rollierpaysage.ch\/index.php?rest_route=\/wp\/v2\/media\/6668"}],"wp:attachment":[{"href":"https:\/\/rollierpaysage.ch\/index.php?rest_route=%2Fwp%2Fv2%2Fmedia&parent=2848"}],"wp:term":[{"taxonomy":"product_brand","embeddable":true,"href":"https:\/\/rollierpaysage.ch\/index.php?rest_route=%2Fwp%2Fv2%2Fproduct_brand&post=2848"},{"taxonomy":"product_cat","embeddable":true,"href":"https:\/\/rollierpaysage.ch\/index.php?rest_route=%2Fwp%2Fv2%2Fproduct_cat&post=2848"},{"taxonomy":"product_tag","embeddable":true,"href":"https:\/\/rollierpaysage.ch\/index.php?rest_route=%2Fwp%2Fv2%2Fproduct_tag&post=2848"}],"curies":[{"name":"wp","href":"https:\/\/api.w.org\/{rel}","templated":true}]}}