{"id":2832,"date":"2022-03-19T11:00:01","date_gmt":"2022-03-19T10:00:01","guid":{"rendered":"https:\/\/rollierpaysage.ch\/?post_type=product&#038;p=2832"},"modified":"2026-03-30T16:20:22","modified_gmt":"2026-03-30T14:20:22","slug":"courge-bleue-de-hongrie","status":"publish","type":"product","link":"https:\/\/rollierpaysage.ch\/?product=courge-bleue-de-hongrie","title":{"rendered":"Courge Bleue de Hongrie"},"content":{"rendered":"","protected":false},"excerpt":{"rendered":"<p>Vari\u00e9t\u00e9 vigoureuse produisant des fruits \u00e0 l&rsquo;\u00e9corce gris-bleu et \u00e0 la chair orange qui p\u00e8sent de 5 \u00e0 10 kg. Bonne capacit\u00e9 de conservation<\/p>\n<p>La r\u00e9colte se fait en septembre et octobre, lorsque la tige se lignifie et se dess\u00e8che.<\/p>\n<p>Distance de plantation: 1 m.<\/p>\n<p>&nbsp;<\/p>\n","protected":false},"featured_media":6916,"template":"","meta":[],"product_brand":[],"product_cat":[55,28,63,56],"product_tag":[],"class_list":{"0":"post-2832","1":"product","2":"type-product","3":"status-publish","4":"has-post-thumbnail","6":"product_cat-bientot-disponible","7":"product_cat-courge-patisson","8":"product_cat-cucurbitacees","9":"product_cat-plantons","11":"first","12":"outofstock","13":"shipping-taxable","14":"purchasable","15":"product-type-simple"},"_links":{"self":[{"href":"https:\/\/rollierpaysage.ch\/index.php?rest_route=\/wp\/v2\/product\/2832","targetHints":{"allow":["GET"]}}],"collection":[{"href":"https:\/\/rollierpaysage.ch\/index.php?rest_route=\/wp\/v2\/product"}],"about":[{"href":"https:\/\/rollierpaysage.ch\/index.php?rest_route=\/wp\/v2\/types\/product"}],"wp:featuredmedia":[{"embeddable":true,"href":"https:\/\/rollierpaysage.ch\/index.php?rest_route=\/wp\/v2\/media\/6916"}],"wp:attachment":[{"href":"https:\/\/rollierpaysage.ch\/index.php?rest_route=%2Fwp%2Fv2%2Fmedia&parent=2832"}],"wp:term":[{"taxonomy":"product_brand","embeddable":true,"href":"https:\/\/rollierpaysage.ch\/index.php?rest_route=%2Fwp%2Fv2%2Fproduct_brand&post=2832"},{"taxonomy":"product_cat","embeddable":true,"href":"https:\/\/rollierpaysage.ch\/index.php?rest_route=%2Fwp%2Fv2%2Fproduct_cat&post=2832"},{"taxonomy":"product_tag","embeddable":true,"href":"https:\/\/rollierpaysage.ch\/index.php?rest_route=%2Fwp%2Fv2%2Fproduct_tag&post=2832"}],"curies":[{"name":"wp","href":"https:\/\/api.w.org\/{rel}","templated":true}]}}