{"id":2823,"date":"2022-03-19T10:51:35","date_gmt":"2022-03-19T09:51:35","guid":{"rendered":"https:\/\/rollierpaysage.ch\/?post_type=product&#038;p=2823"},"modified":"2026-03-30T16:10:19","modified_gmt":"2026-03-30T14:10:19","slug":"chou-kale-rouge-psr","status":"publish","type":"product","link":"https:\/\/rollierpaysage.ch\/?product=chou-kale-rouge-psr","title":{"rendered":"Chou kale rouge PSR"},"content":{"rendered":"","protected":false},"excerpt":{"rendered":"<p>Vari\u00e9t\u00e9 de chou kale rouge Pro Specie Rara, aux feuilles grossi\u00e8rement fris\u00e9es dans les tons violac\u00e9s et qui se d\u00e9veloppe un peu plus lentement que les autres vari\u00e9t\u00e9s de kale. Excellente source de vitamines en hiver.<\/p>\n<p>La r\u00e9colte se fait habituellement de novembre \u00e0 f\u00e9vrier, mais peut \u00eatre plus pr\u00e9coce selon la date des semis.<\/p>\n<p>Distance de plantation: 40 cm.<\/p>\n","protected":false},"featured_media":6872,"template":"","meta":[],"product_brand":[],"product_cat":[55,33,57,56],"product_tag":[],"class_list":{"0":"post-2823","1":"product","2":"type-product","3":"status-publish","4":"has-post-thumbnail","6":"product_cat-bientot-disponible","7":"product_cat-chou","8":"product_cat-legumes-feuilles","9":"product_cat-plantons","11":"first","12":"outofstock","13":"shipping-taxable","14":"purchasable","15":"product-type-simple"},"_links":{"self":[{"href":"https:\/\/rollierpaysage.ch\/index.php?rest_route=\/wp\/v2\/product\/2823","targetHints":{"allow":["GET"]}}],"collection":[{"href":"https:\/\/rollierpaysage.ch\/index.php?rest_route=\/wp\/v2\/product"}],"about":[{"href":"https:\/\/rollierpaysage.ch\/index.php?rest_route=\/wp\/v2\/types\/product"}],"wp:featuredmedia":[{"embeddable":true,"href":"https:\/\/rollierpaysage.ch\/index.php?rest_route=\/wp\/v2\/media\/6872"}],"wp:attachment":[{"href":"https:\/\/rollierpaysage.ch\/index.php?rest_route=%2Fwp%2Fv2%2Fmedia&parent=2823"}],"wp:term":[{"taxonomy":"product_brand","embeddable":true,"href":"https:\/\/rollierpaysage.ch\/index.php?rest_route=%2Fwp%2Fv2%2Fproduct_brand&post=2823"},{"taxonomy":"product_cat","embeddable":true,"href":"https:\/\/rollierpaysage.ch\/index.php?rest_route=%2Fwp%2Fv2%2Fproduct_cat&post=2823"},{"taxonomy":"product_tag","embeddable":true,"href":"https:\/\/rollierpaysage.ch\/index.php?rest_route=%2Fwp%2Fv2%2Fproduct_tag&post=2823"}],"curies":[{"name":"wp","href":"https:\/\/api.w.org\/{rel}","templated":true}]}}