{"id":2820,"date":"2022-03-19T10:49:34","date_gmt":"2022-03-19T09:49:34","guid":{"rendered":"https:\/\/rollierpaysage.ch\/?post_type=product&#038;p=2820"},"modified":"2026-03-30T16:10:44","modified_gmt":"2026-03-30T14:10:44","slug":"chou-de-milan-psr","status":"publish","type":"product","link":"https:\/\/rollierpaysage.ch\/?product=chou-de-milan-psr","title":{"rendered":"Chou de Milan PSR"},"content":{"rendered":"","protected":false},"excerpt":{"rendered":"<p>Vari\u00e9t\u00e9 Pro Specie Rara pour la r\u00e9colte d&rsquo;automne. Les feuilles sont tendres et cloqu\u00e9es autour d&rsquo;une pomme volumineuse et peu serr\u00e9e. Supporte les gel\u00e9es jusqu&rsquo;\u00e0 -8\u00b0C.<\/p>\n<p>La r\u00e9colte se fait d&rsquo;octobre \u00e0 d\u00e9cembre et le chou se consomme frais ou peut \u00eatre utilis\u00e9 pour faire de la choucroute.<\/p>\n<p>Distance de plantation: 60 cm.<\/p>\n","protected":false},"featured_media":6877,"template":"","meta":[],"product_brand":[],"product_cat":[55,33,57,56],"product_tag":[],"class_list":{"0":"post-2820","1":"product","2":"type-product","3":"status-publish","4":"has-post-thumbnail","6":"product_cat-bientot-disponible","7":"product_cat-chou","8":"product_cat-legumes-feuilles","9":"product_cat-plantons","11":"first","12":"outofstock","13":"shipping-taxable","14":"purchasable","15":"product-type-simple"},"_links":{"self":[{"href":"https:\/\/rollierpaysage.ch\/index.php?rest_route=\/wp\/v2\/product\/2820","targetHints":{"allow":["GET"]}}],"collection":[{"href":"https:\/\/rollierpaysage.ch\/index.php?rest_route=\/wp\/v2\/product"}],"about":[{"href":"https:\/\/rollierpaysage.ch\/index.php?rest_route=\/wp\/v2\/types\/product"}],"wp:featuredmedia":[{"embeddable":true,"href":"https:\/\/rollierpaysage.ch\/index.php?rest_route=\/wp\/v2\/media\/6877"}],"wp:attachment":[{"href":"https:\/\/rollierpaysage.ch\/index.php?rest_route=%2Fwp%2Fv2%2Fmedia&parent=2820"}],"wp:term":[{"taxonomy":"product_brand","embeddable":true,"href":"https:\/\/rollierpaysage.ch\/index.php?rest_route=%2Fwp%2Fv2%2Fproduct_brand&post=2820"},{"taxonomy":"product_cat","embeddable":true,"href":"https:\/\/rollierpaysage.ch\/index.php?rest_route=%2Fwp%2Fv2%2Fproduct_cat&post=2820"},{"taxonomy":"product_tag","embeddable":true,"href":"https:\/\/rollierpaysage.ch\/index.php?rest_route=%2Fwp%2Fv2%2Fproduct_tag&post=2820"}],"curies":[{"name":"wp","href":"https:\/\/api.w.org\/{rel}","templated":true}]}}