{"id":2808,"date":"2022-04-19T15:22:56","date_gmt":"2022-04-19T13:22:56","guid":{"rendered":"https:\/\/rollierpaysage.ch\/?post_type=product&#038;p=2808"},"modified":"2026-03-30T15:59:14","modified_gmt":"2026-03-30T13:59:14","slug":"sauge-ananas","status":"publish","type":"product","link":"https:\/\/rollierpaysage.ch\/?product=sauge-ananas","title":{"rendered":"Sauge ananas"},"content":{"rendered":"","protected":false},"excerpt":{"rendered":"<p>Plante vivace originaire du Mexique, au feuillage semi-persistant vert clair et aux fleurs rouge vif. Elle fleurit \u00e0 l&rsquo;automne et elle peut atteindre une hauteur de 100 \u00e0 120 cm. Elle ne supporte pas les fortes gel\u00e9es, il faut donc privil\u00e9gier la mise en pot pour passer l&rsquo;hiver si la plante n&rsquo;est pas sous abri.<\/p>\n<p>Les fleurs et les feuilles, au go\u00fbt qui rappelle l&rsquo;ananas, se r\u00e9coltent toute l&rsquo;ann\u00e9e et se consomment fraiches, dans les dessert, les salades, les plats sucr\u00e9-sal\u00e9 ou les infusions \u00e0 froid.<\/p>\n<p>Distance de plantation : 50 cm.<\/p>\n","protected":false},"featured_media":4795,"template":"","meta":[],"product_brand":[],"product_cat":[43,55,56],"product_tag":[],"class_list":{"0":"post-2808","1":"product","2":"type-product","3":"status-publish","4":"has-post-thumbnail","6":"product_cat-aromatique-medicinale","7":"product_cat-bientot-disponible","8":"product_cat-plantons","10":"first","11":"outofstock","12":"shipping-taxable","13":"purchasable","14":"product-type-simple"},"_links":{"self":[{"href":"https:\/\/rollierpaysage.ch\/index.php?rest_route=\/wp\/v2\/product\/2808","targetHints":{"allow":["GET"]}}],"collection":[{"href":"https:\/\/rollierpaysage.ch\/index.php?rest_route=\/wp\/v2\/product"}],"about":[{"href":"https:\/\/rollierpaysage.ch\/index.php?rest_route=\/wp\/v2\/types\/product"}],"wp:featuredmedia":[{"embeddable":true,"href":"https:\/\/rollierpaysage.ch\/index.php?rest_route=\/wp\/v2\/media\/4795"}],"wp:attachment":[{"href":"https:\/\/rollierpaysage.ch\/index.php?rest_route=%2Fwp%2Fv2%2Fmedia&parent=2808"}],"wp:term":[{"taxonomy":"product_brand","embeddable":true,"href":"https:\/\/rollierpaysage.ch\/index.php?rest_route=%2Fwp%2Fv2%2Fproduct_brand&post=2808"},{"taxonomy":"product_cat","embeddable":true,"href":"https:\/\/rollierpaysage.ch\/index.php?rest_route=%2Fwp%2Fv2%2Fproduct_cat&post=2808"},{"taxonomy":"product_tag","embeddable":true,"href":"https:\/\/rollierpaysage.ch\/index.php?rest_route=%2Fwp%2Fv2%2Fproduct_tag&post=2808"}],"curies":[{"name":"wp","href":"https:\/\/api.w.org\/{rel}","templated":true}]}}