{"id":2798,"date":"2022-02-17T13:28:44","date_gmt":"2022-02-17T12:28:44","guid":{"rendered":"https:\/\/rollierpaysage.ch\/?post_type=product&#038;p=2798"},"modified":"2026-03-30T16:03:46","modified_gmt":"2026-03-30T14:03:46","slug":"menthe-poivree","status":"publish","type":"product","link":"https:\/\/rollierpaysage.ch\/?product=menthe-poivree","title":{"rendered":"Menthe poivr\u00e9e"},"content":{"rendered":"","protected":false},"excerpt":{"rendered":"<p>Plante aromatique herbac\u00e9e vivace, aux tiges rouge\u00e2tres, aux feuilles vertes avec des nuances rouges ou cuivr\u00e9es et aux petites fleurs violet p\u00e2le. Elle fleurit de juillet \u00e0 septembre et peut atteindre une hauteur de 80 cm.<\/p>\n<p>Les feuilles se r\u00e9coltent du printemps \u00e0 l&rsquo;automne et s&rsquo;utilisent fra\u00eeches ou s\u00e9ch\u00e9es, en infusion ou pour aromatiser plats, salades, sauces et desserts.<\/p>\n<p>Distance de plantation: 50 cm.<\/p>\n","protected":false},"featured_media":4782,"template":"","meta":[],"product_brand":[],"product_cat":[43,55,56],"product_tag":[],"class_list":{"0":"post-2798","1":"product","2":"type-product","3":"status-publish","4":"has-post-thumbnail","6":"product_cat-aromatique-medicinale","7":"product_cat-bientot-disponible","8":"product_cat-plantons","10":"first","11":"outofstock","12":"shipping-taxable","13":"purchasable","14":"product-type-simple"},"_links":{"self":[{"href":"https:\/\/rollierpaysage.ch\/index.php?rest_route=\/wp\/v2\/product\/2798","targetHints":{"allow":["GET"]}}],"collection":[{"href":"https:\/\/rollierpaysage.ch\/index.php?rest_route=\/wp\/v2\/product"}],"about":[{"href":"https:\/\/rollierpaysage.ch\/index.php?rest_route=\/wp\/v2\/types\/product"}],"wp:featuredmedia":[{"embeddable":true,"href":"https:\/\/rollierpaysage.ch\/index.php?rest_route=\/wp\/v2\/media\/4782"}],"wp:attachment":[{"href":"https:\/\/rollierpaysage.ch\/index.php?rest_route=%2Fwp%2Fv2%2Fmedia&parent=2798"}],"wp:term":[{"taxonomy":"product_brand","embeddable":true,"href":"https:\/\/rollierpaysage.ch\/index.php?rest_route=%2Fwp%2Fv2%2Fproduct_brand&post=2798"},{"taxonomy":"product_cat","embeddable":true,"href":"https:\/\/rollierpaysage.ch\/index.php?rest_route=%2Fwp%2Fv2%2Fproduct_cat&post=2798"},{"taxonomy":"product_tag","embeddable":true,"href":"https:\/\/rollierpaysage.ch\/index.php?rest_route=%2Fwp%2Fv2%2Fproduct_tag&post=2798"}],"curies":[{"name":"wp","href":"https:\/\/api.w.org\/{rel}","templated":true}]}}