{"id":2793,"date":"2022-02-17T13:25:35","date_gmt":"2022-02-17T12:25:35","guid":{"rendered":"https:\/\/rollierpaysage.ch\/?post_type=product&#038;p=2793"},"modified":"2026-04-03T12:57:31","modified_gmt":"2026-04-03T10:57:31","slug":"laurier-noble","status":"publish","type":"product","link":"https:\/\/rollierpaysage.ch\/?product=laurier-noble","title":{"rendered":"Laurier noble"},"content":{"rendered":"","protected":false},"excerpt":{"rendered":"<p>Arbuste \u00e0 feuilles coriaces persistantes, aux fleurs blanch\u00e2tres et au parfum tr\u00e8s caract\u00e9ristique. Il fleurit en mars-avril. G\u00e9n\u00e9ralement taill\u00e9 pour rester petit, il peut atteindre une hauteur de 10 m s&rsquo;il pousse librement dans un climat appropri\u00e9. Partiellement rustique, il ne survit en r\u00e9gion froide qu&rsquo;avec une protection hivernale.<\/p>\n<p>Les feuilles peuvent se r\u00e9colter tout au long de l&rsquo;ann\u00e9e, selon les besoin. Elles sont s\u00e9ch\u00e9es puis utilis\u00e9es en infusion ou en cuisson des sauces.<\/p>\n","protected":false},"featured_media":4773,"template":"","meta":[],"product_brand":[],"product_cat":[43,55,56],"product_tag":[],"class_list":{"0":"post-2793","1":"product","2":"type-product","3":"status-publish","4":"has-post-thumbnail","6":"product_cat-aromatique-medicinale","7":"product_cat-bientot-disponible","8":"product_cat-plantons","10":"first","11":"instock","12":"shipping-taxable","13":"purchasable","14":"product-type-simple"},"_links":{"self":[{"href":"https:\/\/rollierpaysage.ch\/index.php?rest_route=\/wp\/v2\/product\/2793","targetHints":{"allow":["GET"]}}],"collection":[{"href":"https:\/\/rollierpaysage.ch\/index.php?rest_route=\/wp\/v2\/product"}],"about":[{"href":"https:\/\/rollierpaysage.ch\/index.php?rest_route=\/wp\/v2\/types\/product"}],"wp:featuredmedia":[{"embeddable":true,"href":"https:\/\/rollierpaysage.ch\/index.php?rest_route=\/wp\/v2\/media\/4773"}],"wp:attachment":[{"href":"https:\/\/rollierpaysage.ch\/index.php?rest_route=%2Fwp%2Fv2%2Fmedia&parent=2793"}],"wp:term":[{"taxonomy":"product_brand","embeddable":true,"href":"https:\/\/rollierpaysage.ch\/index.php?rest_route=%2Fwp%2Fv2%2Fproduct_brand&post=2793"},{"taxonomy":"product_cat","embeddable":true,"href":"https:\/\/rollierpaysage.ch\/index.php?rest_route=%2Fwp%2Fv2%2Fproduct_cat&post=2793"},{"taxonomy":"product_tag","embeddable":true,"href":"https:\/\/rollierpaysage.ch\/index.php?rest_route=%2Fwp%2Fv2%2Fproduct_tag&post=2793"}],"curies":[{"name":"wp","href":"https:\/\/api.w.org\/{rel}","templated":true}]}}