{"id":2792,"date":"2022-04-26T10:47:52","date_gmt":"2022-04-26T08:47:52","guid":{"rendered":"https:\/\/rollierpaysage.ch\/?post_type=product&#038;p=2792"},"modified":"2026-03-30T15:59:04","modified_gmt":"2026-03-30T13:59:04","slug":"immortelle-plante-curry-helichryse","status":"publish","type":"product","link":"https:\/\/rollierpaysage.ch\/?product=immortelle-plante-curry-helichryse","title":{"rendered":"Immortelle \u00ab\u00a0plante curry\u00a0\u00bb, h\u00e9lichryse"},"content":{"rendered":"","protected":false},"excerpt":{"rendered":"<p>Plante m\u00e9dit\u00e9rann\u00e9enne vivace au feuillage argent\u00e9 persistant et \u00e0 la belle floraison jaune d&rsquo;or de juin \u00e0 septembre. Elle peut atteindre une hauteur de 60 cm, elle aime les sols secs, sableux et pauvres et elle n\u00e9cessite un ensoleillement maximum.<\/p>\n<p>Les feuilles \u00e0 l&rsquo;ar\u00f4me de curry peuvent \u00eatre r\u00e9colt\u00e9es toute l&rsquo;ann\u00e9e. Elles peuvent \u00eatre utilis\u00e9es pour aromatiser la viande, l&rsquo;eau de cuisson des c\u00e9r\u00e9ales ou encore pour parfumer les huiles.<\/p>\n<p>Les fleurs sont r\u00e9colt\u00e9es pour faire une mac\u00e9ration huileuse excellente contre les chocs et les h\u00e9matomes et \u00e9galement comme apr\u00e8s-soleil.<\/p>\n<p>Distance de plantation : 80 &#8211; 100 cm.<\/p>\n","protected":false},"featured_media":4743,"template":"","meta":[],"product_brand":[],"product_cat":[43,55,56],"product_tag":[],"class_list":{"0":"post-2792","1":"product","2":"type-product","3":"status-publish","4":"has-post-thumbnail","6":"product_cat-aromatique-medicinale","7":"product_cat-bientot-disponible","8":"product_cat-plantons","10":"first","11":"outofstock","12":"shipping-taxable","13":"purchasable","14":"product-type-simple"},"_links":{"self":[{"href":"https:\/\/rollierpaysage.ch\/index.php?rest_route=\/wp\/v2\/product\/2792","targetHints":{"allow":["GET"]}}],"collection":[{"href":"https:\/\/rollierpaysage.ch\/index.php?rest_route=\/wp\/v2\/product"}],"about":[{"href":"https:\/\/rollierpaysage.ch\/index.php?rest_route=\/wp\/v2\/types\/product"}],"wp:featuredmedia":[{"embeddable":true,"href":"https:\/\/rollierpaysage.ch\/index.php?rest_route=\/wp\/v2\/media\/4743"}],"wp:attachment":[{"href":"https:\/\/rollierpaysage.ch\/index.php?rest_route=%2Fwp%2Fv2%2Fmedia&parent=2792"}],"wp:term":[{"taxonomy":"product_brand","embeddable":true,"href":"https:\/\/rollierpaysage.ch\/index.php?rest_route=%2Fwp%2Fv2%2Fproduct_brand&post=2792"},{"taxonomy":"product_cat","embeddable":true,"href":"https:\/\/rollierpaysage.ch\/index.php?rest_route=%2Fwp%2Fv2%2Fproduct_cat&post=2792"},{"taxonomy":"product_tag","embeddable":true,"href":"https:\/\/rollierpaysage.ch\/index.php?rest_route=%2Fwp%2Fv2%2Fproduct_tag&post=2792"}],"curies":[{"name":"wp","href":"https:\/\/api.w.org\/{rel}","templated":true}]}}