{"id":2784,"date":"2022-03-19T10:54:57","date_gmt":"2022-03-19T09:54:57","guid":{"rendered":"https:\/\/rollierpaysage.ch\/?post_type=product&#038;p=2784"},"modified":"2026-04-01T13:33:59","modified_gmt":"2026-04-01T11:33:59","slug":"ciboulette","status":"publish","type":"product","link":"https:\/\/rollierpaysage.ch\/?product=ciboulette","title":{"rendered":"Ciboulette"},"content":{"rendered":"","protected":false},"excerpt":{"rendered":"<p>Plante aromatique vivace aux feuilles comme des tiges creuses et aux fleurs violettes. Elle atteint une hauteur de 30 cm.<\/p>\n<p>Les tiges au go\u00fbt d&rsquo;oignon doux se r\u00e9coltent de mai \u00e0 novembre et assaisonnent salades, omelettes et soupes. Les fleurs, \u00e9galement comestibles, s&rsquo;utilisent comme d\u00e9coration.<\/p>\n<p>Distance de plantation : 25 cm.<\/p>\n","protected":false},"featured_media":6830,"template":"","meta":[],"product_brand":[],"product_cat":[43,55,56],"product_tag":[],"class_list":{"0":"post-2784","1":"product","2":"type-product","3":"status-publish","4":"has-post-thumbnail","6":"product_cat-aromatique-medicinale","7":"product_cat-bientot-disponible","8":"product_cat-plantons","10":"first","11":"instock","12":"shipping-taxable","13":"purchasable","14":"product-type-simple"},"_links":{"self":[{"href":"https:\/\/rollierpaysage.ch\/index.php?rest_route=\/wp\/v2\/product\/2784","targetHints":{"allow":["GET"]}}],"collection":[{"href":"https:\/\/rollierpaysage.ch\/index.php?rest_route=\/wp\/v2\/product"}],"about":[{"href":"https:\/\/rollierpaysage.ch\/index.php?rest_route=\/wp\/v2\/types\/product"}],"wp:featuredmedia":[{"embeddable":true,"href":"https:\/\/rollierpaysage.ch\/index.php?rest_route=\/wp\/v2\/media\/6830"}],"wp:attachment":[{"href":"https:\/\/rollierpaysage.ch\/index.php?rest_route=%2Fwp%2Fv2%2Fmedia&parent=2784"}],"wp:term":[{"taxonomy":"product_brand","embeddable":true,"href":"https:\/\/rollierpaysage.ch\/index.php?rest_route=%2Fwp%2Fv2%2Fproduct_brand&post=2784"},{"taxonomy":"product_cat","embeddable":true,"href":"https:\/\/rollierpaysage.ch\/index.php?rest_route=%2Fwp%2Fv2%2Fproduct_cat&post=2784"},{"taxonomy":"product_tag","embeddable":true,"href":"https:\/\/rollierpaysage.ch\/index.php?rest_route=%2Fwp%2Fv2%2Fproduct_tag&post=2784"}],"curies":[{"name":"wp","href":"https:\/\/api.w.org\/{rel}","templated":true}]}}