{"id":2774,"date":"2022-03-18T14:23:51","date_gmt":"2022-03-18T13:23:51","guid":{"rendered":"https:\/\/rollierpaysage.ch\/?post_type=product&#038;p=2774"},"modified":"2026-03-30T16:02:50","modified_gmt":"2026-03-30T14:02:50","slug":"basilic-citron","status":"publish","type":"product","link":"https:\/\/rollierpaysage.ch\/?product=basilic-citron","title":{"rendered":"Basilic citron"},"content":{"rendered":"","protected":false},"excerpt":{"rendered":"<p>Basilic au merveilleux parfum citronn\u00e9 qui atteint une hauteur de 30 cm. Utilis\u00e9 comme aromate ou en tisane.<\/p>\n<p>Les feuilles se r\u00e9coltent de fin juin jusqu&rsquo;\u00e0 l&rsquo;automne, en coupant la tige afin de favoriser la repousse. Elles se consomment plut\u00f4t fra\u00eeches car elles perdent de l&rsquo;ar\u00f4me en s\u00e9chant.<\/p>\n<p>Distance de plantation: 30 cm.<\/p>\n","protected":false},"featured_media":4697,"template":"","meta":[],"product_brand":[],"product_cat":[43,55,56],"product_tag":[],"class_list":{"0":"post-2774","1":"product","2":"type-product","3":"status-publish","4":"has-post-thumbnail","6":"product_cat-aromatique-medicinale","7":"product_cat-bientot-disponible","8":"product_cat-plantons","10":"first","11":"outofstock","12":"shipping-taxable","13":"purchasable","14":"product-type-simple"},"_links":{"self":[{"href":"https:\/\/rollierpaysage.ch\/index.php?rest_route=\/wp\/v2\/product\/2774","targetHints":{"allow":["GET"]}}],"collection":[{"href":"https:\/\/rollierpaysage.ch\/index.php?rest_route=\/wp\/v2\/product"}],"about":[{"href":"https:\/\/rollierpaysage.ch\/index.php?rest_route=\/wp\/v2\/types\/product"}],"wp:featuredmedia":[{"embeddable":true,"href":"https:\/\/rollierpaysage.ch\/index.php?rest_route=\/wp\/v2\/media\/4697"}],"wp:attachment":[{"href":"https:\/\/rollierpaysage.ch\/index.php?rest_route=%2Fwp%2Fv2%2Fmedia&parent=2774"}],"wp:term":[{"taxonomy":"product_brand","embeddable":true,"href":"https:\/\/rollierpaysage.ch\/index.php?rest_route=%2Fwp%2Fv2%2Fproduct_brand&post=2774"},{"taxonomy":"product_cat","embeddable":true,"href":"https:\/\/rollierpaysage.ch\/index.php?rest_route=%2Fwp%2Fv2%2Fproduct_cat&post=2774"},{"taxonomy":"product_tag","embeddable":true,"href":"https:\/\/rollierpaysage.ch\/index.php?rest_route=%2Fwp%2Fv2%2Fproduct_tag&post=2774"}],"curies":[{"name":"wp","href":"https:\/\/api.w.org\/{rel}","templated":true}]}}