{"id":2747,"date":"2022-03-18T14:15:42","date_gmt":"2022-03-18T13:15:42","guid":{"rendered":"https:\/\/rollierpaysage.ch\/?post_type=product&#038;p=2747"},"modified":"2026-04-03T12:58:09","modified_gmt":"2026-04-03T10:58:09","slug":"absinthe","status":"publish","type":"product","link":"https:\/\/rollierpaysage.ch\/?product=absinthe","title":{"rendered":"Absinthe"},"content":{"rendered":"","protected":false},"excerpt":{"rendered":"<p>Plante m\u00e9dicinale annuelle, au feuillage a\u00e9rien gris argent\u00e9 et aux petites fleurs jaunes. Elle fleurit de juillet \u00e0 septembre et peut atteindre une hauteur de 150 cm. Plante aux vertus digestives gr\u00e2ce \u00e0 sa forte teneur en substances am\u00e8res.<\/p>\n<p>Les feuilles et les fleurs se r\u00e9coltent en \u00e9t\u00e9 et peuvent \u00eatre s\u00e9ch\u00e9es. Elles s&rsquo;utilisent surtout en tisane.<\/p>\n<p>Distance de plantation: 40 cm.<\/p>\n","protected":false},"featured_media":4758,"template":"","meta":[],"product_brand":[],"product_cat":[43,55,56],"product_tag":[],"class_list":{"0":"post-2747","1":"product","2":"type-product","3":"status-publish","4":"has-post-thumbnail","6":"product_cat-aromatique-medicinale","7":"product_cat-bientot-disponible","8":"product_cat-plantons","10":"first","11":"instock","12":"shipping-taxable","13":"purchasable","14":"product-type-simple"},"_links":{"self":[{"href":"https:\/\/rollierpaysage.ch\/index.php?rest_route=\/wp\/v2\/product\/2747","targetHints":{"allow":["GET"]}}],"collection":[{"href":"https:\/\/rollierpaysage.ch\/index.php?rest_route=\/wp\/v2\/product"}],"about":[{"href":"https:\/\/rollierpaysage.ch\/index.php?rest_route=\/wp\/v2\/types\/product"}],"wp:featuredmedia":[{"embeddable":true,"href":"https:\/\/rollierpaysage.ch\/index.php?rest_route=\/wp\/v2\/media\/4758"}],"wp:attachment":[{"href":"https:\/\/rollierpaysage.ch\/index.php?rest_route=%2Fwp%2Fv2%2Fmedia&parent=2747"}],"wp:term":[{"taxonomy":"product_brand","embeddable":true,"href":"https:\/\/rollierpaysage.ch\/index.php?rest_route=%2Fwp%2Fv2%2Fproduct_brand&post=2747"},{"taxonomy":"product_cat","embeddable":true,"href":"https:\/\/rollierpaysage.ch\/index.php?rest_route=%2Fwp%2Fv2%2Fproduct_cat&post=2747"},{"taxonomy":"product_tag","embeddable":true,"href":"https:\/\/rollierpaysage.ch\/index.php?rest_route=%2Fwp%2Fv2%2Fproduct_tag&post=2747"}],"curies":[{"name":"wp","href":"https:\/\/api.w.org\/{rel}","templated":true}]}}