{"id":2617,"date":"2021-06-05T10:56:21","date_gmt":"2021-06-05T08:56:21","guid":{"rendered":"https:\/\/rollierpaysage.ch\/?post_type=product&#038;p=2617"},"modified":"2026-03-30T16:07:58","modified_gmt":"2026-03-30T14:07:58","slug":"aubergine-sfumata-bianca","status":"publish","type":"product","link":"https:\/\/rollierpaysage.ch\/?product=aubergine-sfumata-bianca","title":{"rendered":"Aubergine Rotonda bianca sfumata di rosa PSR"},"content":{"rendered":"","protected":false},"excerpt":{"rendered":"<p>Vari\u00e9t\u00e9 vigoureuse et productive qui forme des fruits ronds et charnus de couleur blanc estomp\u00e9 de mauve. Chair ferme, peu de graines et savoureuse. La plante peut atteindre une hauteur de 120 cm.<\/p>\n<p>Distance de plantation: 50 cm.<\/p>\n","protected":false},"featured_media":4687,"template":"","meta":[],"product_brand":[],"product_cat":[27,55,62,56],"product_tag":[],"class_list":{"0":"post-2617","1":"product","2":"type-product","3":"status-publish","4":"has-post-thumbnail","6":"product_cat-aubergine","7":"product_cat-bientot-disponible","8":"product_cat-legumes-fruits","9":"product_cat-plantons","11":"first","12":"outofstock","13":"shipping-taxable","14":"purchasable","15":"product-type-simple"},"_links":{"self":[{"href":"https:\/\/rollierpaysage.ch\/index.php?rest_route=\/wp\/v2\/product\/2617","targetHints":{"allow":["GET"]}}],"collection":[{"href":"https:\/\/rollierpaysage.ch\/index.php?rest_route=\/wp\/v2\/product"}],"about":[{"href":"https:\/\/rollierpaysage.ch\/index.php?rest_route=\/wp\/v2\/types\/product"}],"wp:featuredmedia":[{"embeddable":true,"href":"https:\/\/rollierpaysage.ch\/index.php?rest_route=\/wp\/v2\/media\/4687"}],"wp:attachment":[{"href":"https:\/\/rollierpaysage.ch\/index.php?rest_route=%2Fwp%2Fv2%2Fmedia&parent=2617"}],"wp:term":[{"taxonomy":"product_brand","embeddable":true,"href":"https:\/\/rollierpaysage.ch\/index.php?rest_route=%2Fwp%2Fv2%2Fproduct_brand&post=2617"},{"taxonomy":"product_cat","embeddable":true,"href":"https:\/\/rollierpaysage.ch\/index.php?rest_route=%2Fwp%2Fv2%2Fproduct_cat&post=2617"},{"taxonomy":"product_tag","embeddable":true,"href":"https:\/\/rollierpaysage.ch\/index.php?rest_route=%2Fwp%2Fv2%2Fproduct_tag&post=2617"}],"curies":[{"name":"wp","href":"https:\/\/api.w.org\/{rel}","templated":true}]}}