{"id":2566,"date":"2021-05-29T08:43:33","date_gmt":"2021-05-29T06:43:33","guid":{"rendered":"https:\/\/rollierpaysage.ch\/?post_type=product&#038;p=2566"},"modified":"2026-03-31T09:26:37","modified_gmt":"2026-03-31T07:26:37","slug":"tomate-black-zebra","status":"publish","type":"product","link":"https:\/\/rollierpaysage.ch\/?product=tomate-black-zebra","title":{"rendered":"Tomate Black Zebra"},"content":{"rendered":"","protected":false},"excerpt":{"rendered":"<p>Fruits rouges, juteux, savoureux aux rayures longitudinales de vert clair \u00e0 fonc\u00e9, productivit\u00e9 moyenne.<\/p>\n","protected":false},"featured_media":3516,"template":"","meta":[],"product_brand":[],"product_cat":[55,62,56,31,50],"product_tag":[],"class_list":{"0":"post-2566","1":"product","2":"type-product","3":"status-publish","4":"has-post-thumbnail","6":"product_cat-bientot-disponible","7":"product_cat-legumes-fruits","8":"product_cat-plantons","9":"product_cat-tomate","10":"product_cat-tomate-a-fruits-charnus","12":"first","13":"outofstock","14":"shipping-taxable","15":"purchasable","16":"product-type-simple"},"_links":{"self":[{"href":"https:\/\/rollierpaysage.ch\/index.php?rest_route=\/wp\/v2\/product\/2566","targetHints":{"allow":["GET"]}}],"collection":[{"href":"https:\/\/rollierpaysage.ch\/index.php?rest_route=\/wp\/v2\/product"}],"about":[{"href":"https:\/\/rollierpaysage.ch\/index.php?rest_route=\/wp\/v2\/types\/product"}],"wp:featuredmedia":[{"embeddable":true,"href":"https:\/\/rollierpaysage.ch\/index.php?rest_route=\/wp\/v2\/media\/3516"}],"wp:attachment":[{"href":"https:\/\/rollierpaysage.ch\/index.php?rest_route=%2Fwp%2Fv2%2Fmedia&parent=2566"}],"wp:term":[{"taxonomy":"product_brand","embeddable":true,"href":"https:\/\/rollierpaysage.ch\/index.php?rest_route=%2Fwp%2Fv2%2Fproduct_brand&post=2566"},{"taxonomy":"product_cat","embeddable":true,"href":"https:\/\/rollierpaysage.ch\/index.php?rest_route=%2Fwp%2Fv2%2Fproduct_cat&post=2566"},{"taxonomy":"product_tag","embeddable":true,"href":"https:\/\/rollierpaysage.ch\/index.php?rest_route=%2Fwp%2Fv2%2Fproduct_tag&post=2566"}],"curies":[{"name":"wp","href":"https:\/\/api.w.org\/{rel}","templated":true}]}}