{"id":2166,"date":"2021-02-28T17:43:51","date_gmt":"2021-02-28T16:43:51","guid":{"rendered":"https:\/\/rollierpaysage.ch\/?post_type=product&#038;p=2166"},"modified":"2026-04-03T12:56:21","modified_gmt":"2026-04-03T10:56:21","slug":"pois-de-senteur","status":"publish","type":"product","link":"https:\/\/rollierpaysage.ch\/?product=pois-de-senteur","title":{"rendered":"Pois de senteur"},"content":{"rendered":"","protected":false},"excerpt":{"rendered":"<p>Fleur annuelle grimpante \u00e0 l&rsquo;abondante floraison tr\u00e8s parfum\u00e9e, dans les tons blancs, roses et violets. Bonne fleur \u00e0 couper.<\/p>\n<p>Floraison: juin \u00e0 octobre<\/p>\n<p>Exposition: soleil \u00e0 mi-ombre<\/p>\n<p>Distance de plantation: 20 \u00e0 30 cm.<\/p>\n","protected":false},"featured_media":6934,"template":"","meta":[],"product_brand":[],"product_cat":[55,44,56],"product_tag":[],"class_list":{"0":"post-2166","1":"product","2":"type-product","3":"status-publish","4":"has-post-thumbnail","6":"product_cat-bientot-disponible","7":"product_cat-fleur","8":"product_cat-plantons","10":"first","11":"instock","12":"shipping-taxable","13":"purchasable","14":"product-type-simple"},"_links":{"self":[{"href":"https:\/\/rollierpaysage.ch\/index.php?rest_route=\/wp\/v2\/product\/2166","targetHints":{"allow":["GET"]}}],"collection":[{"href":"https:\/\/rollierpaysage.ch\/index.php?rest_route=\/wp\/v2\/product"}],"about":[{"href":"https:\/\/rollierpaysage.ch\/index.php?rest_route=\/wp\/v2\/types\/product"}],"wp:featuredmedia":[{"embeddable":true,"href":"https:\/\/rollierpaysage.ch\/index.php?rest_route=\/wp\/v2\/media\/6934"}],"wp:attachment":[{"href":"https:\/\/rollierpaysage.ch\/index.php?rest_route=%2Fwp%2Fv2%2Fmedia&parent=2166"}],"wp:term":[{"taxonomy":"product_brand","embeddable":true,"href":"https:\/\/rollierpaysage.ch\/index.php?rest_route=%2Fwp%2Fv2%2Fproduct_brand&post=2166"},{"taxonomy":"product_cat","embeddable":true,"href":"https:\/\/rollierpaysage.ch\/index.php?rest_route=%2Fwp%2Fv2%2Fproduct_cat&post=2166"},{"taxonomy":"product_tag","embeddable":true,"href":"https:\/\/rollierpaysage.ch\/index.php?rest_route=%2Fwp%2Fv2%2Fproduct_tag&post=2166"}],"curies":[{"name":"wp","href":"https:\/\/api.w.org\/{rel}","templated":true}]}}