{"id":2155,"date":"2021-06-02T12:43:23","date_gmt":"2021-06-02T10:43:23","guid":{"rendered":"https:\/\/rollierpaysage.ch\/?post_type=product&#038;p=2155"},"modified":"2026-03-30T16:04:30","modified_gmt":"2026-03-30T14:04:30","slug":"coriandre","status":"publish","type":"product","link":"https:\/\/rollierpaysage.ch\/?product=coriandre","title":{"rendered":"Coriandre"},"content":{"rendered":"","protected":false},"excerpt":{"rendered":"<p>Plante aromatique annuelle au feuillage tr\u00e8s parfum\u00e9 et aux multiples petites fleurs blanches. Elle fleurit de juin \u00e0 ao\u00fbt et peut atteindre une hauteur de 100 cm. Vari\u00e9t\u00e9 propice pour la r\u00e9colte de graines, car en \u00e9t\u00e9 la plant monte rapidement en fleur.<\/p>\n<p>Les feuilles se r\u00e9coltent au fur et \u00e0 mesure des besoins, avant que la plante ne monte en fleur. Pour une longue p\u00e9riode de r\u00e9colte, il est recommand\u00e9 d&rsquo;en planter r\u00e9guli\u00e8rement.<\/p>\n<p>Pour la r\u00e9colte des graines, couper la plante enti\u00e8re lorsqu&rsquo;elle commence \u00e0 brunir et la laisser s\u00e9cher, la mettre ensuite dans un sac et battre, puis trier les graines.<\/p>\n<p>Distance de plantation: 15 &#8211; 20 cm.<\/p>\n","protected":false},"featured_media":6851,"template":"","meta":[],"product_brand":[],"product_cat":[43,55,56],"product_tag":[],"class_list":{"0":"post-2155","1":"product","2":"type-product","3":"status-publish","4":"has-post-thumbnail","6":"product_cat-aromatique-medicinale","7":"product_cat-bientot-disponible","8":"product_cat-plantons","10":"first","11":"outofstock","12":"shipping-taxable","13":"purchasable","14":"product-type-simple"},"_links":{"self":[{"href":"https:\/\/rollierpaysage.ch\/index.php?rest_route=\/wp\/v2\/product\/2155","targetHints":{"allow":["GET"]}}],"collection":[{"href":"https:\/\/rollierpaysage.ch\/index.php?rest_route=\/wp\/v2\/product"}],"about":[{"href":"https:\/\/rollierpaysage.ch\/index.php?rest_route=\/wp\/v2\/types\/product"}],"wp:featuredmedia":[{"embeddable":true,"href":"https:\/\/rollierpaysage.ch\/index.php?rest_route=\/wp\/v2\/media\/6851"}],"wp:attachment":[{"href":"https:\/\/rollierpaysage.ch\/index.php?rest_route=%2Fwp%2Fv2%2Fmedia&parent=2155"}],"wp:term":[{"taxonomy":"product_brand","embeddable":true,"href":"https:\/\/rollierpaysage.ch\/index.php?rest_route=%2Fwp%2Fv2%2Fproduct_brand&post=2155"},{"taxonomy":"product_cat","embeddable":true,"href":"https:\/\/rollierpaysage.ch\/index.php?rest_route=%2Fwp%2Fv2%2Fproduct_cat&post=2155"},{"taxonomy":"product_tag","embeddable":true,"href":"https:\/\/rollierpaysage.ch\/index.php?rest_route=%2Fwp%2Fv2%2Fproduct_tag&post=2155"}],"curies":[{"name":"wp","href":"https:\/\/api.w.org\/{rel}","templated":true}]}}