{"id":2147,"date":"2021-02-28T17:33:19","date_gmt":"2021-02-28T16:33:19","guid":{"rendered":"https:\/\/rollierpaysage.ch\/?post_type=product&#038;p=2147"},"modified":"2026-03-31T09:27:36","modified_gmt":"2026-03-31T07:27:36","slug":"tomate-green-zebra","status":"publish","type":"product","link":"https:\/\/rollierpaysage.ch\/?product=tomate-green-zebra","title":{"rendered":"Tomate Green Zebra PSR"},"content":{"rendered":"","protected":false},"excerpt":{"rendered":"<p>Plante rustique \u00e0 croissance vigoureuse. Fruits ronds verts stri\u00e9s tr\u00e8s savoureux.<\/p>\n","protected":false},"featured_media":3524,"template":"","meta":[],"product_brand":[],"product_cat":[55,62,56,31,50],"product_tag":[],"class_list":{"0":"post-2147","1":"product","2":"type-product","3":"status-publish","4":"has-post-thumbnail","6":"product_cat-bientot-disponible","7":"product_cat-legumes-fruits","8":"product_cat-plantons","9":"product_cat-tomate","10":"product_cat-tomate-a-fruits-charnus","12":"first","13":"outofstock","14":"shipping-taxable","15":"purchasable","16":"product-type-simple"},"_links":{"self":[{"href":"https:\/\/rollierpaysage.ch\/index.php?rest_route=\/wp\/v2\/product\/2147","targetHints":{"allow":["GET"]}}],"collection":[{"href":"https:\/\/rollierpaysage.ch\/index.php?rest_route=\/wp\/v2\/product"}],"about":[{"href":"https:\/\/rollierpaysage.ch\/index.php?rest_route=\/wp\/v2\/types\/product"}],"wp:featuredmedia":[{"embeddable":true,"href":"https:\/\/rollierpaysage.ch\/index.php?rest_route=\/wp\/v2\/media\/3524"}],"wp:attachment":[{"href":"https:\/\/rollierpaysage.ch\/index.php?rest_route=%2Fwp%2Fv2%2Fmedia&parent=2147"}],"wp:term":[{"taxonomy":"product_brand","embeddable":true,"href":"https:\/\/rollierpaysage.ch\/index.php?rest_route=%2Fwp%2Fv2%2Fproduct_brand&post=2147"},{"taxonomy":"product_cat","embeddable":true,"href":"https:\/\/rollierpaysage.ch\/index.php?rest_route=%2Fwp%2Fv2%2Fproduct_cat&post=2147"},{"taxonomy":"product_tag","embeddable":true,"href":"https:\/\/rollierpaysage.ch\/index.php?rest_route=%2Fwp%2Fv2%2Fproduct_tag&post=2147"}],"curies":[{"name":"wp","href":"https:\/\/api.w.org\/{rel}","templated":true}]}}