{"id":2146,"date":"2021-02-28T17:33:03","date_gmt":"2021-02-28T16:33:03","guid":{"rendered":"https:\/\/rollierpaysage.ch\/?post_type=product&#038;p=2146"},"modified":"2026-03-31T09:27:53","modified_gmt":"2026-03-31T07:27:53","slug":"tomate-douce-de-hongrie","status":"publish","type":"product","link":"https:\/\/rollierpaysage.ch\/?product=tomate-douce-de-hongrie","title":{"rendered":"Tomate Douce de Hongrie"},"content":{"rendered":"","protected":false},"excerpt":{"rendered":"<p>Fruits tr\u00e8s charnus, de grande saveur, production mi-pr\u00e9coce. Port d\u00e9termin\u00e9.<\/p>\n","protected":false},"featured_media":0,"template":"","meta":[],"product_brand":[],"product_cat":[55,62,56,31,50],"product_tag":[],"class_list":{"0":"post-2146","1":"product","2":"type-product","3":"status-publish","5":"product_cat-bientot-disponible","6":"product_cat-legumes-fruits","7":"product_cat-plantons","8":"product_cat-tomate","9":"product_cat-tomate-a-fruits-charnus","11":"first","12":"outofstock","13":"shipping-taxable","14":"purchasable","15":"product-type-simple"},"_links":{"self":[{"href":"https:\/\/rollierpaysage.ch\/index.php?rest_route=\/wp\/v2\/product\/2146","targetHints":{"allow":["GET"]}}],"collection":[{"href":"https:\/\/rollierpaysage.ch\/index.php?rest_route=\/wp\/v2\/product"}],"about":[{"href":"https:\/\/rollierpaysage.ch\/index.php?rest_route=\/wp\/v2\/types\/product"}],"wp:attachment":[{"href":"https:\/\/rollierpaysage.ch\/index.php?rest_route=%2Fwp%2Fv2%2Fmedia&parent=2146"}],"wp:term":[{"taxonomy":"product_brand","embeddable":true,"href":"https:\/\/rollierpaysage.ch\/index.php?rest_route=%2Fwp%2Fv2%2Fproduct_brand&post=2146"},{"taxonomy":"product_cat","embeddable":true,"href":"https:\/\/rollierpaysage.ch\/index.php?rest_route=%2Fwp%2Fv2%2Fproduct_cat&post=2146"},{"taxonomy":"product_tag","embeddable":true,"href":"https:\/\/rollierpaysage.ch\/index.php?rest_route=%2Fwp%2Fv2%2Fproduct_tag&post=2146"}],"curies":[{"name":"wp","href":"https:\/\/api.w.org\/{rel}","templated":true}]}}