{"id":2144,"date":"2021-02-28T17:32:21","date_gmt":"2021-02-28T16:32:21","guid":{"rendered":"https:\/\/rollierpaysage.ch\/?post_type=product&#038;p=2144"},"modified":"2026-03-31T09:28:29","modified_gmt":"2026-03-31T07:28:29","slug":"tomate-babushka","status":"publish","type":"product","link":"https:\/\/rollierpaysage.ch\/?product=tomate-babushka","title":{"rendered":"Tomate Babushka"},"content":{"rendered":"","protected":false},"excerpt":{"rendered":"<p>Fruits de tr\u00e8s grande taille au go\u00fbt extraordinaire, vari\u00e9t\u00e9 tardive. Serre ou abri recommand\u00e9.<\/p>\n","protected":false},"featured_media":4728,"template":"","meta":[],"product_brand":[],"product_cat":[55,62,56,31,50],"product_tag":[],"class_list":{"0":"post-2144","1":"product","2":"type-product","3":"status-publish","4":"has-post-thumbnail","6":"product_cat-bientot-disponible","7":"product_cat-legumes-fruits","8":"product_cat-plantons","9":"product_cat-tomate","10":"product_cat-tomate-a-fruits-charnus","12":"first","13":"outofstock","14":"shipping-taxable","15":"purchasable","16":"product-type-simple"},"_links":{"self":[{"href":"https:\/\/rollierpaysage.ch\/index.php?rest_route=\/wp\/v2\/product\/2144","targetHints":{"allow":["GET"]}}],"collection":[{"href":"https:\/\/rollierpaysage.ch\/index.php?rest_route=\/wp\/v2\/product"}],"about":[{"href":"https:\/\/rollierpaysage.ch\/index.php?rest_route=\/wp\/v2\/types\/product"}],"wp:featuredmedia":[{"embeddable":true,"href":"https:\/\/rollierpaysage.ch\/index.php?rest_route=\/wp\/v2\/media\/4728"}],"wp:attachment":[{"href":"https:\/\/rollierpaysage.ch\/index.php?rest_route=%2Fwp%2Fv2%2Fmedia&parent=2144"}],"wp:term":[{"taxonomy":"product_brand","embeddable":true,"href":"https:\/\/rollierpaysage.ch\/index.php?rest_route=%2Fwp%2Fv2%2Fproduct_brand&post=2144"},{"taxonomy":"product_cat","embeddable":true,"href":"https:\/\/rollierpaysage.ch\/index.php?rest_route=%2Fwp%2Fv2%2Fproduct_cat&post=2144"},{"taxonomy":"product_tag","embeddable":true,"href":"https:\/\/rollierpaysage.ch\/index.php?rest_route=%2Fwp%2Fv2%2Fproduct_tag&post=2144"}],"curies":[{"name":"wp","href":"https:\/\/api.w.org\/{rel}","templated":true}]}}