{"id":2137,"date":"2021-02-28T17:28:31","date_gmt":"2021-02-28T16:28:31","guid":{"rendered":"https:\/\/rollierpaysage.ch\/?post_type=product&#038;p=2137"},"modified":"2026-03-31T13:06:53","modified_gmt":"2026-03-31T11:06:53","slug":"tomate-miel-du-mexique","status":"publish","type":"product","link":"https:\/\/rollierpaysage.ch\/?product=tomate-miel-du-mexique","title":{"rendered":"Tomate Miel du Mexique"},"content":{"rendered":"","protected":false},"excerpt":{"rendered":"<p>Plante vigoureuse produisant de nombreuses grappes de petites tomates au go\u00fbt unique, appr\u00e9ci\u00e9e des enfants.<\/p>\n","protected":false},"featured_media":10696,"template":"","meta":[],"product_brand":[],"product_cat":[55,62,56,31,47],"product_tag":[],"class_list":{"0":"post-2137","1":"product","2":"type-product","3":"status-publish","4":"has-post-thumbnail","6":"product_cat-bientot-disponible","7":"product_cat-legumes-fruits","8":"product_cat-plantons","9":"product_cat-tomate","10":"product_cat-type-cerise-et-datte","12":"first","13":"outofstock","14":"shipping-taxable","15":"purchasable","16":"product-type-simple"},"_links":{"self":[{"href":"https:\/\/rollierpaysage.ch\/index.php?rest_route=\/wp\/v2\/product\/2137","targetHints":{"allow":["GET"]}}],"collection":[{"href":"https:\/\/rollierpaysage.ch\/index.php?rest_route=\/wp\/v2\/product"}],"about":[{"href":"https:\/\/rollierpaysage.ch\/index.php?rest_route=\/wp\/v2\/types\/product"}],"wp:featuredmedia":[{"embeddable":true,"href":"https:\/\/rollierpaysage.ch\/index.php?rest_route=\/wp\/v2\/media\/10696"}],"wp:attachment":[{"href":"https:\/\/rollierpaysage.ch\/index.php?rest_route=%2Fwp%2Fv2%2Fmedia&parent=2137"}],"wp:term":[{"taxonomy":"product_brand","embeddable":true,"href":"https:\/\/rollierpaysage.ch\/index.php?rest_route=%2Fwp%2Fv2%2Fproduct_brand&post=2137"},{"taxonomy":"product_cat","embeddable":true,"href":"https:\/\/rollierpaysage.ch\/index.php?rest_route=%2Fwp%2Fv2%2Fproduct_cat&post=2137"},{"taxonomy":"product_tag","embeddable":true,"href":"https:\/\/rollierpaysage.ch\/index.php?rest_route=%2Fwp%2Fv2%2Fproduct_tag&post=2137"}],"curies":[{"name":"wp","href":"https:\/\/api.w.org\/{rel}","templated":true}]}}