{"id":2124,"date":"2021-02-28T17:23:44","date_gmt":"2021-02-28T16:23:44","guid":{"rendered":"https:\/\/rollierpaysage.ch\/?post_type=product&#038;p=2124"},"modified":"2026-03-31T10:31:51","modified_gmt":"2026-03-31T08:31:51","slug":"poireau-dhiver","status":"publish","type":"product","link":"https:\/\/rollierpaysage.ch\/?product=poireau-dhiver","title":{"rendered":"Poireau d\u2019hiver"},"content":{"rendered":"","protected":false},"excerpt":{"rendered":"<p>Ar\u00f4me prononc\u00e9, bonne longueur de f\u00fbt blanc et feuillage vigoureux, compact et dress\u00e9. Bonne r\u00e9sistance au gel.<\/p>\n<p>La r\u00e9colte se fait tout au long de l&rsquo;hiver, selon les besoins.<\/p>\n<p>Distance de plantation: 10 \u00e0 15 cm.<\/p>\n","protected":false},"featured_media":6944,"template":"","meta":[],"product_brand":[],"product_cat":[58,55,57,56],"product_tag":[],"class_list":{"0":"post-2124","1":"product","2":"type-product","3":"status-publish","4":"has-post-thumbnail","6":"product_cat-autres","7":"product_cat-bientot-disponible","8":"product_cat-legumes-feuilles","9":"product_cat-plantons","11":"first","12":"outofstock","13":"shipping-taxable","14":"purchasable","15":"product-type-simple"},"_links":{"self":[{"href":"https:\/\/rollierpaysage.ch\/index.php?rest_route=\/wp\/v2\/product\/2124","targetHints":{"allow":["GET"]}}],"collection":[{"href":"https:\/\/rollierpaysage.ch\/index.php?rest_route=\/wp\/v2\/product"}],"about":[{"href":"https:\/\/rollierpaysage.ch\/index.php?rest_route=\/wp\/v2\/types\/product"}],"wp:featuredmedia":[{"embeddable":true,"href":"https:\/\/rollierpaysage.ch\/index.php?rest_route=\/wp\/v2\/media\/6944"}],"wp:attachment":[{"href":"https:\/\/rollierpaysage.ch\/index.php?rest_route=%2Fwp%2Fv2%2Fmedia&parent=2124"}],"wp:term":[{"taxonomy":"product_brand","embeddable":true,"href":"https:\/\/rollierpaysage.ch\/index.php?rest_route=%2Fwp%2Fv2%2Fproduct_brand&post=2124"},{"taxonomy":"product_cat","embeddable":true,"href":"https:\/\/rollierpaysage.ch\/index.php?rest_route=%2Fwp%2Fv2%2Fproduct_cat&post=2124"},{"taxonomy":"product_tag","embeddable":true,"href":"https:\/\/rollierpaysage.ch\/index.php?rest_route=%2Fwp%2Fv2%2Fproduct_tag&post=2124"}],"curies":[{"name":"wp","href":"https:\/\/api.w.org\/{rel}","templated":true}]}}