{"id":2123,"date":"2021-02-28T17:23:17","date_gmt":"2021-02-28T16:23:17","guid":{"rendered":"https:\/\/rollierpaysage.ch\/?post_type=product&#038;p=2123"},"modified":"2026-03-31T09:15:52","modified_gmt":"2026-03-31T07:15:52","slug":"piment-jalapeno","status":"publish","type":"product","link":"https:\/\/rollierpaysage.ch\/?product=piment-jalapeno","title":{"rendered":"Piment Jalapeno"},"content":{"rendered":"","protected":false},"excerpt":{"rendered":"<p>Un des piments les plus appr\u00e9ci\u00e9s produisant des fruits juteux d&rsquo;environ 7 cm de long dont la pointe est arrondie et la chair \u00e9paisse. Saveur piquante et agr\u00e9able. Se r\u00e9colte souvent vert mais deviennent plus doux en m\u00fbrissant.<\/p>\n<p>La r\u00e9colte se fait de juillet \u00e0 octobre.<\/p>\n<p>Distance de plantation: 50 cm.<\/p>\n","protected":false},"featured_media":4718,"template":"","meta":[],"product_brand":[],"product_cat":[55,62,65,56,30],"product_tag":[],"class_list":{"0":"post-2123","1":"product","2":"type-product","3":"status-publish","4":"has-post-thumbnail","6":"product_cat-bientot-disponible","7":"product_cat-legumes-fruits","8":"product_cat-piments","9":"product_cat-plantons","10":"product_cat-poivron-piment","12":"first","13":"outofstock","14":"shipping-taxable","15":"purchasable","16":"product-type-simple"},"_links":{"self":[{"href":"https:\/\/rollierpaysage.ch\/index.php?rest_route=\/wp\/v2\/product\/2123","targetHints":{"allow":["GET"]}}],"collection":[{"href":"https:\/\/rollierpaysage.ch\/index.php?rest_route=\/wp\/v2\/product"}],"about":[{"href":"https:\/\/rollierpaysage.ch\/index.php?rest_route=\/wp\/v2\/types\/product"}],"wp:featuredmedia":[{"embeddable":true,"href":"https:\/\/rollierpaysage.ch\/index.php?rest_route=\/wp\/v2\/media\/4718"}],"wp:attachment":[{"href":"https:\/\/rollierpaysage.ch\/index.php?rest_route=%2Fwp%2Fv2%2Fmedia&parent=2123"}],"wp:term":[{"taxonomy":"product_brand","embeddable":true,"href":"https:\/\/rollierpaysage.ch\/index.php?rest_route=%2Fwp%2Fv2%2Fproduct_brand&post=2123"},{"taxonomy":"product_cat","embeddable":true,"href":"https:\/\/rollierpaysage.ch\/index.php?rest_route=%2Fwp%2Fv2%2Fproduct_cat&post=2123"},{"taxonomy":"product_tag","embeddable":true,"href":"https:\/\/rollierpaysage.ch\/index.php?rest_route=%2Fwp%2Fv2%2Fproduct_tag&post=2123"}],"curies":[{"name":"wp","href":"https:\/\/api.w.org\/{rel}","templated":true}]}}