{"id":2119,"date":"2021-02-28T17:22:02","date_gmt":"2021-02-28T16:22:02","guid":{"rendered":"https:\/\/rollierpaysage.ch\/?post_type=product&#038;p=2119"},"modified":"2026-03-30T16:20:46","modified_gmt":"2026-03-30T14:20:46","slug":"patisson-blanc","status":"publish","type":"product","link":"https:\/\/rollierpaysage.ch\/?product=patisson-blanc","title":{"rendered":"P\u00e2tisson blanc"},"content":{"rendered":"","protected":false},"excerpt":{"rendered":"<p>Vari\u00e9t\u00e9 de courge d&rsquo;\u00e9t\u00e9, non coureuse, formant des fruits couleur cr\u00e8me \u00e0 la chair blanche, de forme ronde aplatie pouvant peser de 400 \u00e0 800 gr. Les fruits peuvent se manger avec la peau. Capacit\u00e9 de conservation limit\u00e9e.<\/p>\n<p>La r\u00e9colte se fait de juillet \u00e0 octobre, lorsque la tige se lignifie et se dess\u00e8che.<\/p>\n<p>Distance de plantation: 1 m.<\/p>\n<p>&nbsp;<\/p>\n","protected":false},"featured_media":6918,"template":"","meta":[],"product_brand":[],"product_cat":[55,28,63,56],"product_tag":[],"class_list":{"0":"post-2119","1":"product","2":"type-product","3":"status-publish","4":"has-post-thumbnail","6":"product_cat-bientot-disponible","7":"product_cat-courge-patisson","8":"product_cat-cucurbitacees","9":"product_cat-plantons","11":"first","12":"outofstock","13":"shipping-taxable","14":"purchasable","15":"product-type-simple"},"_links":{"self":[{"href":"https:\/\/rollierpaysage.ch\/index.php?rest_route=\/wp\/v2\/product\/2119","targetHints":{"allow":["GET"]}}],"collection":[{"href":"https:\/\/rollierpaysage.ch\/index.php?rest_route=\/wp\/v2\/product"}],"about":[{"href":"https:\/\/rollierpaysage.ch\/index.php?rest_route=\/wp\/v2\/types\/product"}],"wp:featuredmedia":[{"embeddable":true,"href":"https:\/\/rollierpaysage.ch\/index.php?rest_route=\/wp\/v2\/media\/6918"}],"wp:attachment":[{"href":"https:\/\/rollierpaysage.ch\/index.php?rest_route=%2Fwp%2Fv2%2Fmedia&parent=2119"}],"wp:term":[{"taxonomy":"product_brand","embeddable":true,"href":"https:\/\/rollierpaysage.ch\/index.php?rest_route=%2Fwp%2Fv2%2Fproduct_brand&post=2119"},{"taxonomy":"product_cat","embeddable":true,"href":"https:\/\/rollierpaysage.ch\/index.php?rest_route=%2Fwp%2Fv2%2Fproduct_cat&post=2119"},{"taxonomy":"product_tag","embeddable":true,"href":"https:\/\/rollierpaysage.ch\/index.php?rest_route=%2Fwp%2Fv2%2Fproduct_tag&post=2119"}],"curies":[{"name":"wp","href":"https:\/\/api.w.org\/{rel}","templated":true}]}}