{"id":2113,"date":"2021-02-28T17:18:44","date_gmt":"2021-02-28T16:18:44","guid":{"rendered":"https:\/\/rollierpaysage.ch\/?post_type=product&#038;p=2113"},"modified":"2026-04-03T12:58:40","modified_gmt":"2026-04-03T10:58:40","slug":"salade-pommee-verte","status":"publish","type":"product","link":"https:\/\/rollierpaysage.ch\/?product=salade-pommee-verte","title":{"rendered":"Salade pomm\u00e9e verte"},"content":{"rendered":"","protected":false},"excerpt":{"rendered":"<p>Diff\u00e9rentes vari\u00e9t\u00e9s de laitues pomm\u00e9es vertes, choix en fonction de la disponibilit\u00e9.<\/p>\n<p>La r\u00e9colte se fait d&rsquo;avril \u00e0 octobre.<\/p>\n<p>Distance de plantation: 30 cm.<\/p>\n","protected":false},"featured_media":6677,"template":"","meta":[],"product_brand":[],"product_cat":[55,57,56,32],"product_tag":[],"class_list":{"0":"post-2113","1":"product","2":"type-product","3":"status-publish","4":"has-post-thumbnail","6":"product_cat-bientot-disponible","7":"product_cat-legumes-feuilles","8":"product_cat-plantons","9":"product_cat-salade-laitue","11":"first","12":"instock","13":"shipping-taxable","14":"purchasable","15":"product-type-simple"},"_links":{"self":[{"href":"https:\/\/rollierpaysage.ch\/index.php?rest_route=\/wp\/v2\/product\/2113","targetHints":{"allow":["GET"]}}],"collection":[{"href":"https:\/\/rollierpaysage.ch\/index.php?rest_route=\/wp\/v2\/product"}],"about":[{"href":"https:\/\/rollierpaysage.ch\/index.php?rest_route=\/wp\/v2\/types\/product"}],"wp:featuredmedia":[{"embeddable":true,"href":"https:\/\/rollierpaysage.ch\/index.php?rest_route=\/wp\/v2\/media\/6677"}],"wp:attachment":[{"href":"https:\/\/rollierpaysage.ch\/index.php?rest_route=%2Fwp%2Fv2%2Fmedia&parent=2113"}],"wp:term":[{"taxonomy":"product_brand","embeddable":true,"href":"https:\/\/rollierpaysage.ch\/index.php?rest_route=%2Fwp%2Fv2%2Fproduct_brand&post=2113"},{"taxonomy":"product_cat","embeddable":true,"href":"https:\/\/rollierpaysage.ch\/index.php?rest_route=%2Fwp%2Fv2%2Fproduct_cat&post=2113"},{"taxonomy":"product_tag","embeddable":true,"href":"https:\/\/rollierpaysage.ch\/index.php?rest_route=%2Fwp%2Fv2%2Fproduct_tag&post=2113"}],"curies":[{"name":"wp","href":"https:\/\/api.w.org\/{rel}","templated":true}]}}