{"id":2107,"date":"2021-02-28T17:15:47","date_gmt":"2021-02-28T16:15:47","guid":{"rendered":"https:\/\/rollierpaysage.ch\/?post_type=product&#038;p=2107"},"modified":"2026-03-31T10:33:04","modified_gmt":"2026-03-31T08:33:04","slug":"fenouil-perfection","status":"publish","type":"product","link":"https:\/\/rollierpaysage.ch\/?product=fenouil-perfection","title":{"rendered":"Fenouil"},"content":{"rendered":"","protected":false},"excerpt":{"rendered":"<p>Vari\u00e9t\u00e9 Pro Specie Rara rustique et \u00e0 croissance vigoureuse. Les feuilles robustes se d\u00e9veloppent en \u00e9ventail autour d&rsquo;un bulbe qui peut devenir volumineux.<\/p>\n<p>La r\u00e9colte se fait de mai \u00e0 octobre, en faisant des plantations \u00e9chelonn\u00e9es.<\/p>\n<p>Distance de plantation: 30 cm.<\/p>\n","protected":false},"featured_media":4700,"template":"","meta":[],"product_brand":[],"product_cat":[58,55,57,56],"product_tag":[],"class_list":{"0":"post-2107","1":"product","2":"type-product","3":"status-publish","4":"has-post-thumbnail","6":"product_cat-autres","7":"product_cat-bientot-disponible","8":"product_cat-legumes-feuilles","9":"product_cat-plantons","11":"first","12":"outofstock","13":"shipping-taxable","14":"purchasable","15":"product-type-simple"},"_links":{"self":[{"href":"https:\/\/rollierpaysage.ch\/index.php?rest_route=\/wp\/v2\/product\/2107","targetHints":{"allow":["GET"]}}],"collection":[{"href":"https:\/\/rollierpaysage.ch\/index.php?rest_route=\/wp\/v2\/product"}],"about":[{"href":"https:\/\/rollierpaysage.ch\/index.php?rest_route=\/wp\/v2\/types\/product"}],"wp:featuredmedia":[{"embeddable":true,"href":"https:\/\/rollierpaysage.ch\/index.php?rest_route=\/wp\/v2\/media\/4700"}],"wp:attachment":[{"href":"https:\/\/rollierpaysage.ch\/index.php?rest_route=%2Fwp%2Fv2%2Fmedia&parent=2107"}],"wp:term":[{"taxonomy":"product_brand","embeddable":true,"href":"https:\/\/rollierpaysage.ch\/index.php?rest_route=%2Fwp%2Fv2%2Fproduct_brand&post=2107"},{"taxonomy":"product_cat","embeddable":true,"href":"https:\/\/rollierpaysage.ch\/index.php?rest_route=%2Fwp%2Fv2%2Fproduct_cat&post=2107"},{"taxonomy":"product_tag","embeddable":true,"href":"https:\/\/rollierpaysage.ch\/index.php?rest_route=%2Fwp%2Fv2%2Fproduct_tag&post=2107"}],"curies":[{"name":"wp","href":"https:\/\/api.w.org\/{rel}","templated":true}]}}