{"id":2106,"date":"2021-02-28T17:15:08","date_gmt":"2021-02-28T16:15:08","guid":{"rendered":"https:\/\/rollierpaysage.ch\/?post_type=product&#038;p=2106"},"modified":"2026-03-30T16:25:32","modified_gmt":"2026-03-30T14:25:32","slug":"courgette-ronde-de-nice","status":"publish","type":"product","link":"https:\/\/rollierpaysage.ch\/?product=courgette-ronde-de-nice","title":{"rendered":"Courgette Ronde de Nice PSR"},"content":{"rendered":"","protected":false},"excerpt":{"rendered":"<p>Vari\u00e9t\u00e9 Pro Specie Rara formant des fruits ronds vert clair tachet\u00e9s qu&rsquo;il faut r\u00e9colter jeunes (environ 10 cm de diam\u00e8tre).<\/p>\n<p>La r\u00e9colte se fait de juin \u00e0 octobre, en cueillant r\u00e9guli\u00e8rement les fruits de petite taille afin que la plante en forme toujours de nouveaux.<\/p>\n<p>Distance de plantation: 75 cm.<\/p>\n<p>&nbsp;<\/p>\n","protected":false},"featured_media":6931,"template":"","meta":[],"product_brand":[],"product_cat":[55,29,63,56],"product_tag":[],"class_list":{"0":"post-2106","1":"product","2":"type-product","3":"status-publish","4":"has-post-thumbnail","6":"product_cat-bientot-disponible","7":"product_cat-courgette","8":"product_cat-cucurbitacees","9":"product_cat-plantons","11":"first","12":"outofstock","13":"shipping-taxable","14":"purchasable","15":"product-type-simple"},"_links":{"self":[{"href":"https:\/\/rollierpaysage.ch\/index.php?rest_route=\/wp\/v2\/product\/2106","targetHints":{"allow":["GET"]}}],"collection":[{"href":"https:\/\/rollierpaysage.ch\/index.php?rest_route=\/wp\/v2\/product"}],"about":[{"href":"https:\/\/rollierpaysage.ch\/index.php?rest_route=\/wp\/v2\/types\/product"}],"wp:featuredmedia":[{"embeddable":true,"href":"https:\/\/rollierpaysage.ch\/index.php?rest_route=\/wp\/v2\/media\/6931"}],"wp:attachment":[{"href":"https:\/\/rollierpaysage.ch\/index.php?rest_route=%2Fwp%2Fv2%2Fmedia&parent=2106"}],"wp:term":[{"taxonomy":"product_brand","embeddable":true,"href":"https:\/\/rollierpaysage.ch\/index.php?rest_route=%2Fwp%2Fv2%2Fproduct_brand&post=2106"},{"taxonomy":"product_cat","embeddable":true,"href":"https:\/\/rollierpaysage.ch\/index.php?rest_route=%2Fwp%2Fv2%2Fproduct_cat&post=2106"},{"taxonomy":"product_tag","embeddable":true,"href":"https:\/\/rollierpaysage.ch\/index.php?rest_route=%2Fwp%2Fv2%2Fproduct_tag&post=2106"}],"curies":[{"name":"wp","href":"https:\/\/api.w.org\/{rel}","templated":true}]}}