{"id":2102,"date":"2021-02-28T17:13:49","date_gmt":"2021-02-28T16:13:49","guid":{"rendered":"https:\/\/rollierpaysage.ch\/?post_type=product&#038;p=2102"},"modified":"2026-03-30T16:21:01","modified_gmt":"2026-03-30T14:21:01","slug":"courge-rouge-vif-detampes","status":"publish","type":"product","link":"https:\/\/rollierpaysage.ch\/?product=courge-rouge-vif-detampes","title":{"rendered":"Courge Rouge vif d\u2019Etampes"},"content":{"rendered":"","protected":false},"excerpt":{"rendered":"<p>Vari\u00e9t\u00e9 vigoureuse formant de gros fruits c\u00f4tel\u00e9s rond aplati, \u00e0 l&rsquo;\u00e9corce et \u00e0 la chair orange pouvant peser de 5 \u00e0 25 kg. Capacit\u00e9 de conservation limit\u00e9e<\/p>\n<p>La r\u00e9colte se fait en septembre et octobre, lorsque la tige se lignifie et se dess\u00e8che.<\/p>\n<p>Distance de plantation: 1 m.<\/p>\n<p>&nbsp;<\/p>\n","protected":false},"featured_media":6920,"template":"","meta":[],"product_brand":[],"product_cat":[55,28,63,56],"product_tag":[],"class_list":{"0":"post-2102","1":"product","2":"type-product","3":"status-publish","4":"has-post-thumbnail","6":"product_cat-bientot-disponible","7":"product_cat-courge-patisson","8":"product_cat-cucurbitacees","9":"product_cat-plantons","11":"first","12":"outofstock","13":"shipping-taxable","14":"purchasable","15":"product-type-simple"},"_links":{"self":[{"href":"https:\/\/rollierpaysage.ch\/index.php?rest_route=\/wp\/v2\/product\/2102","targetHints":{"allow":["GET"]}}],"collection":[{"href":"https:\/\/rollierpaysage.ch\/index.php?rest_route=\/wp\/v2\/product"}],"about":[{"href":"https:\/\/rollierpaysage.ch\/index.php?rest_route=\/wp\/v2\/types\/product"}],"wp:featuredmedia":[{"embeddable":true,"href":"https:\/\/rollierpaysage.ch\/index.php?rest_route=\/wp\/v2\/media\/6920"}],"wp:attachment":[{"href":"https:\/\/rollierpaysage.ch\/index.php?rest_route=%2Fwp%2Fv2%2Fmedia&parent=2102"}],"wp:term":[{"taxonomy":"product_brand","embeddable":true,"href":"https:\/\/rollierpaysage.ch\/index.php?rest_route=%2Fwp%2Fv2%2Fproduct_brand&post=2102"},{"taxonomy":"product_cat","embeddable":true,"href":"https:\/\/rollierpaysage.ch\/index.php?rest_route=%2Fwp%2Fv2%2Fproduct_cat&post=2102"},{"taxonomy":"product_tag","embeddable":true,"href":"https:\/\/rollierpaysage.ch\/index.php?rest_route=%2Fwp%2Fv2%2Fproduct_tag&post=2102"}],"curies":[{"name":"wp","href":"https:\/\/api.w.org\/{rel}","templated":true}]}}