{"id":2097,"date":"2021-02-28T17:12:00","date_gmt":"2021-02-28T16:12:00","guid":{"rendered":"https:\/\/rollierpaysage.ch\/?post_type=product&#038;p=2097"},"modified":"2026-03-30T16:11:42","modified_gmt":"2026-03-30T14:11:42","slug":"chou-rave-pomme-violet","status":"publish","type":"product","link":"https:\/\/rollierpaysage.ch\/?product=chou-rave-pomme-violet","title":{"rendered":"Chou pomme Blaro PSR"},"content":{"rendered":"","protected":false},"excerpt":{"rendered":"<p>Vari\u00e9t\u00e9 suisse traditionnelle, Pro Specie Rara. Go\u00fbt \u00e9quilibr\u00e9 et donc id\u00e9al pour la consommation crue. Il reste longtemps tendre et devient \u00e0 peine fibreux.<\/p>\n<p>La r\u00e9colte se fait de mai \u00e0 octobre.<\/p>\n<p>Distance de plantation: 30 cm.<\/p>\n","protected":false},"featured_media":6883,"template":"","meta":[],"product_brand":[],"product_cat":[55,33,57,56],"product_tag":[],"class_list":{"0":"post-2097","1":"product","2":"type-product","3":"status-publish","4":"has-post-thumbnail","6":"product_cat-bientot-disponible","7":"product_cat-chou","8":"product_cat-legumes-feuilles","9":"product_cat-plantons","11":"first","12":"outofstock","13":"shipping-taxable","14":"purchasable","15":"product-type-simple"},"_links":{"self":[{"href":"https:\/\/rollierpaysage.ch\/index.php?rest_route=\/wp\/v2\/product\/2097","targetHints":{"allow":["GET"]}}],"collection":[{"href":"https:\/\/rollierpaysage.ch\/index.php?rest_route=\/wp\/v2\/product"}],"about":[{"href":"https:\/\/rollierpaysage.ch\/index.php?rest_route=\/wp\/v2\/types\/product"}],"wp:featuredmedia":[{"embeddable":true,"href":"https:\/\/rollierpaysage.ch\/index.php?rest_route=\/wp\/v2\/media\/6883"}],"wp:attachment":[{"href":"https:\/\/rollierpaysage.ch\/index.php?rest_route=%2Fwp%2Fv2%2Fmedia&parent=2097"}],"wp:term":[{"taxonomy":"product_brand","embeddable":true,"href":"https:\/\/rollierpaysage.ch\/index.php?rest_route=%2Fwp%2Fv2%2Fproduct_brand&post=2097"},{"taxonomy":"product_cat","embeddable":true,"href":"https:\/\/rollierpaysage.ch\/index.php?rest_route=%2Fwp%2Fv2%2Fproduct_cat&post=2097"},{"taxonomy":"product_tag","embeddable":true,"href":"https:\/\/rollierpaysage.ch\/index.php?rest_route=%2Fwp%2Fv2%2Fproduct_tag&post=2097"}],"curies":[{"name":"wp","href":"https:\/\/api.w.org\/{rel}","templated":true}]}}