{"id":2094,"date":"2021-02-28T17:10:48","date_gmt":"2021-02-28T16:10:48","guid":{"rendered":"https:\/\/rollierpaysage.ch\/?post_type=product&#038;p=2094"},"modified":"2026-03-30T16:12:13","modified_gmt":"2026-03-30T14:12:13","slug":"chou-de-bruxelles","status":"publish","type":"product","link":"https:\/\/rollierpaysage.ch\/?product=chou-de-bruxelles","title":{"rendered":"Chou de Bruxelles"},"content":{"rendered":"","protected":false},"excerpt":{"rendered":"<p>Vari\u00e9t\u00e9 \u00e0 hauteur moyenne qui r\u00e9siste bien au gel. Port droit et vigoureux, bien fourni.<\/p>\n<p>La r\u00e9colte se fait \u00e0 partir de novembre.<\/p>\n<p>Distance de plantation: 50 cm.<\/p>\n","protected":false},"featured_media":3295,"template":"","meta":[],"product_brand":[],"product_cat":[55,33,57,56],"product_tag":[],"class_list":{"0":"post-2094","1":"product","2":"type-product","3":"status-publish","4":"has-post-thumbnail","6":"product_cat-bientot-disponible","7":"product_cat-chou","8":"product_cat-legumes-feuilles","9":"product_cat-plantons","11":"first","12":"outofstock","13":"shipping-taxable","14":"purchasable","15":"product-type-simple"},"_links":{"self":[{"href":"https:\/\/rollierpaysage.ch\/index.php?rest_route=\/wp\/v2\/product\/2094","targetHints":{"allow":["GET"]}}],"collection":[{"href":"https:\/\/rollierpaysage.ch\/index.php?rest_route=\/wp\/v2\/product"}],"about":[{"href":"https:\/\/rollierpaysage.ch\/index.php?rest_route=\/wp\/v2\/types\/product"}],"wp:featuredmedia":[{"embeddable":true,"href":"https:\/\/rollierpaysage.ch\/index.php?rest_route=\/wp\/v2\/media\/3295"}],"wp:attachment":[{"href":"https:\/\/rollierpaysage.ch\/index.php?rest_route=%2Fwp%2Fv2%2Fmedia&parent=2094"}],"wp:term":[{"taxonomy":"product_brand","embeddable":true,"href":"https:\/\/rollierpaysage.ch\/index.php?rest_route=%2Fwp%2Fv2%2Fproduct_brand&post=2094"},{"taxonomy":"product_cat","embeddable":true,"href":"https:\/\/rollierpaysage.ch\/index.php?rest_route=%2Fwp%2Fv2%2Fproduct_cat&post=2094"},{"taxonomy":"product_tag","embeddable":true,"href":"https:\/\/rollierpaysage.ch\/index.php?rest_route=%2Fwp%2Fv2%2Fproduct_tag&post=2094"}],"curies":[{"name":"wp","href":"https:\/\/api.w.org\/{rel}","templated":true}]}}