{"id":2090,"date":"2021-02-28T17:09:20","date_gmt":"2021-02-28T16:09:20","guid":{"rendered":"https:\/\/rollierpaysage.ch\/?post_type=product&#038;p=2090"},"modified":"2026-03-31T10:33:40","modified_gmt":"2026-03-31T08:33:40","slug":"cote-de-bette-verte","status":"publish","type":"product","link":"https:\/\/rollierpaysage.ch\/?product=cote-de-bette-verte","title":{"rendered":"C\u00f4te de bette verte de Gen\u00e8ve PSR"},"content":{"rendered":"","protected":false},"excerpt":{"rendered":"<p>Vari\u00e9t\u00e9 Pro Specie Rara assez r\u00e9sistante \u00e0 la montaison, aux feuilles vertes et lisses et aux larges c\u00f4tes blanches et savoureuses.<\/p>\n<p>La r\u00e9colte se fait d&rsquo;avril \u00e0 octobre, en pr\u00e9levant petit \u00e0 petit les c\u00f4tes ext\u00e9rieurs plus anciennes.<\/p>\n<p>Distance de plantation: 40 cm.<\/p>\n","protected":false},"featured_media":6662,"template":"","meta":[],"product_brand":[],"product_cat":[58,55,57,56],"product_tag":[],"class_list":{"0":"post-2090","1":"product","2":"type-product","3":"status-publish","4":"has-post-thumbnail","6":"product_cat-autres","7":"product_cat-bientot-disponible","8":"product_cat-legumes-feuilles","9":"product_cat-plantons","11":"first","12":"outofstock","13":"shipping-taxable","14":"purchasable","15":"product-type-simple"},"_links":{"self":[{"href":"https:\/\/rollierpaysage.ch\/index.php?rest_route=\/wp\/v2\/product\/2090","targetHints":{"allow":["GET"]}}],"collection":[{"href":"https:\/\/rollierpaysage.ch\/index.php?rest_route=\/wp\/v2\/product"}],"about":[{"href":"https:\/\/rollierpaysage.ch\/index.php?rest_route=\/wp\/v2\/types\/product"}],"wp:featuredmedia":[{"embeddable":true,"href":"https:\/\/rollierpaysage.ch\/index.php?rest_route=\/wp\/v2\/media\/6662"}],"wp:attachment":[{"href":"https:\/\/rollierpaysage.ch\/index.php?rest_route=%2Fwp%2Fv2%2Fmedia&parent=2090"}],"wp:term":[{"taxonomy":"product_brand","embeddable":true,"href":"https:\/\/rollierpaysage.ch\/index.php?rest_route=%2Fwp%2Fv2%2Fproduct_brand&post=2090"},{"taxonomy":"product_cat","embeddable":true,"href":"https:\/\/rollierpaysage.ch\/index.php?rest_route=%2Fwp%2Fv2%2Fproduct_cat&post=2090"},{"taxonomy":"product_tag","embeddable":true,"href":"https:\/\/rollierpaysage.ch\/index.php?rest_route=%2Fwp%2Fv2%2Fproduct_tag&post=2090"}],"curies":[{"name":"wp","href":"https:\/\/api.w.org\/{rel}","templated":true}]}}