{"id":2088,"date":"2021-02-28T17:07:33","date_gmt":"2021-02-28T16:07:33","guid":{"rendered":"https:\/\/rollierpaysage.ch\/?post_type=product&#038;p=2088"},"modified":"2026-03-31T09:08:12","modified_gmt":"2026-03-31T07:08:12","slug":"celeri-rave","status":"publish","type":"product","link":"https:\/\/rollierpaysage.ch\/?product=celeri-rave","title":{"rendered":"C\u00e9leri rave PSR"},"content":{"rendered":"","protected":false},"excerpt":{"rendered":"<p>Ancienne vari\u00e9t\u00e9 au go\u00fbt prononc\u00e9 de c\u00e9leri. Les raves sont de taille moyenne et la peau est plut\u00f4t lisse et fonc\u00e9e. Bonne capacit\u00e9 de conservation.<\/p>\n<p>La r\u00e9colte se fait en septembre et octobre.<\/p>\n<p>Vari\u00e9t\u00e9 Pro Specie Rara.<\/p>\n<p>Distance de plantation: 40 cm.<\/p>\n","protected":false},"featured_media":6939,"template":"","meta":[],"product_brand":[],"product_cat":[55,36,56],"product_tag":[],"class_list":{"0":"post-2088","1":"product","2":"type-product","3":"status-publish","4":"has-post-thumbnail","6":"product_cat-bientot-disponible","7":"product_cat-legume-racine","8":"product_cat-plantons","10":"first","11":"outofstock","12":"shipping-taxable","13":"purchasable","14":"product-type-simple"},"_links":{"self":[{"href":"https:\/\/rollierpaysage.ch\/index.php?rest_route=\/wp\/v2\/product\/2088","targetHints":{"allow":["GET"]}}],"collection":[{"href":"https:\/\/rollierpaysage.ch\/index.php?rest_route=\/wp\/v2\/product"}],"about":[{"href":"https:\/\/rollierpaysage.ch\/index.php?rest_route=\/wp\/v2\/types\/product"}],"wp:featuredmedia":[{"embeddable":true,"href":"https:\/\/rollierpaysage.ch\/index.php?rest_route=\/wp\/v2\/media\/6939"}],"wp:attachment":[{"href":"https:\/\/rollierpaysage.ch\/index.php?rest_route=%2Fwp%2Fv2%2Fmedia&parent=2088"}],"wp:term":[{"taxonomy":"product_brand","embeddable":true,"href":"https:\/\/rollierpaysage.ch\/index.php?rest_route=%2Fwp%2Fv2%2Fproduct_brand&post=2088"},{"taxonomy":"product_cat","embeddable":true,"href":"https:\/\/rollierpaysage.ch\/index.php?rest_route=%2Fwp%2Fv2%2Fproduct_cat&post=2088"},{"taxonomy":"product_tag","embeddable":true,"href":"https:\/\/rollierpaysage.ch\/index.php?rest_route=%2Fwp%2Fv2%2Fproduct_tag&post=2088"}],"curies":[{"name":"wp","href":"https:\/\/api.w.org\/{rel}","templated":true}]}}