{"id":2085,"date":"2021-02-28T17:06:19","date_gmt":"2021-02-28T16:06:19","guid":{"rendered":"https:\/\/rollierpaysage.ch\/?post_type=product&#038;p=2085"},"modified":"2026-03-30T16:06:06","modified_gmt":"2026-03-30T14:06:06","slug":"artichaut-imperial-star","status":"publish","type":"product","link":"https:\/\/rollierpaysage.ch\/?product=artichaut-imperial-star","title":{"rendered":"Artichaut Green globe"},"content":{"rendered":"","protected":false},"excerpt":{"rendered":"<p>Plante vivace d&rsquo;une dur\u00e9e productive de 3 \u00e0 4 ans qui peut atteindre une hauteur de 1,5 m. Vari\u00e9t\u00e9 \u00e0 forte croissance, aux feuilles vert fonc\u00e9 et cardes larges et blanches. Les inflorescences se forment normalement la deuxi\u00e8me ann\u00e9e mais l&rsquo;artichaut a besoin de protection pour passer l&rsquo;hiver dans les r\u00e9gions froides. Il aime les sols riches, profonds et bien drain\u00e9s.<\/p>\n<p>Les inflorescences se r\u00e9coltent encore ferm\u00e9es.<\/p>\n<p>Distance de plantation: 100 cm.<\/p>\n","protected":false},"featured_media":6867,"template":"","meta":[],"product_brand":[],"product_cat":[64,55,56],"product_tag":[],"class_list":{"0":"post-2085","1":"product","2":"type-product","3":"status-publish","4":"has-post-thumbnail","6":"product_cat-autres-legumes","7":"product_cat-bientot-disponible","8":"product_cat-plantons","10":"first","11":"outofstock","12":"shipping-taxable","13":"purchasable","14":"product-type-simple"},"_links":{"self":[{"href":"https:\/\/rollierpaysage.ch\/index.php?rest_route=\/wp\/v2\/product\/2085","targetHints":{"allow":["GET"]}}],"collection":[{"href":"https:\/\/rollierpaysage.ch\/index.php?rest_route=\/wp\/v2\/product"}],"about":[{"href":"https:\/\/rollierpaysage.ch\/index.php?rest_route=\/wp\/v2\/types\/product"}],"wp:featuredmedia":[{"embeddable":true,"href":"https:\/\/rollierpaysage.ch\/index.php?rest_route=\/wp\/v2\/media\/6867"}],"wp:attachment":[{"href":"https:\/\/rollierpaysage.ch\/index.php?rest_route=%2Fwp%2Fv2%2Fmedia&parent=2085"}],"wp:term":[{"taxonomy":"product_brand","embeddable":true,"href":"https:\/\/rollierpaysage.ch\/index.php?rest_route=%2Fwp%2Fv2%2Fproduct_brand&post=2085"},{"taxonomy":"product_cat","embeddable":true,"href":"https:\/\/rollierpaysage.ch\/index.php?rest_route=%2Fwp%2Fv2%2Fproduct_cat&post=2085"},{"taxonomy":"product_tag","embeddable":true,"href":"https:\/\/rollierpaysage.ch\/index.php?rest_route=%2Fwp%2Fv2%2Fproduct_tag&post=2085"}],"curies":[{"name":"wp","href":"https:\/\/api.w.org\/{rel}","templated":true}]}}