{"id":10688,"date":"2026-03-31T11:56:17","date_gmt":"2026-03-31T09:56:17","guid":{"rendered":"https:\/\/rollierpaysage.ch\/?post_type=product&#038;p=10688"},"modified":"2026-03-31T11:56:18","modified_gmt":"2026-03-31T09:56:18","slug":"poivron-ashe-county-pimiento","status":"publish","type":"product","link":"https:\/\/rollierpaysage.ch\/?product=poivron-ashe-county-pimiento","title":{"rendered":"Poivron Ashe County Pimiento"},"content":{"rendered":"","protected":false},"excerpt":{"rendered":"<p>Cette vari\u00e9t\u00e9 tr\u00e8s pr\u00e9coce et particuli\u00e8rement compact (ne d\u00e9passe pas 30 cm de hauteur) produit une abondance de fruits rouges, ronds et aplatis, d&rsquo;environ 10 cm de diam\u00e8tre. Leur chair est \u00e9paisse, savoureuse et sucr\u00e9e. De part sa taille, ce poivron peut \u00e9galement \u00eatre cultiv\u00e9 en pot.<\/p>\n","protected":false},"featured_media":10689,"template":"","meta":[],"product_brand":[],"product_cat":[55,62,56,30,66],"product_tag":[],"class_list":{"0":"post-10688","1":"product","2":"type-product","3":"status-publish","4":"has-post-thumbnail","6":"product_cat-bientot-disponible","7":"product_cat-legumes-fruits","8":"product_cat-plantons","9":"product_cat-poivron-piment","10":"product_cat-poivrons","12":"first","13":"outofstock","14":"shipping-taxable","15":"purchasable","16":"product-type-simple"},"_links":{"self":[{"href":"https:\/\/rollierpaysage.ch\/index.php?rest_route=\/wp\/v2\/product\/10688","targetHints":{"allow":["GET"]}}],"collection":[{"href":"https:\/\/rollierpaysage.ch\/index.php?rest_route=\/wp\/v2\/product"}],"about":[{"href":"https:\/\/rollierpaysage.ch\/index.php?rest_route=\/wp\/v2\/types\/product"}],"wp:featuredmedia":[{"embeddable":true,"href":"https:\/\/rollierpaysage.ch\/index.php?rest_route=\/wp\/v2\/media\/10689"}],"wp:attachment":[{"href":"https:\/\/rollierpaysage.ch\/index.php?rest_route=%2Fwp%2Fv2%2Fmedia&parent=10688"}],"wp:term":[{"taxonomy":"product_brand","embeddable":true,"href":"https:\/\/rollierpaysage.ch\/index.php?rest_route=%2Fwp%2Fv2%2Fproduct_brand&post=10688"},{"taxonomy":"product_cat","embeddable":true,"href":"https:\/\/rollierpaysage.ch\/index.php?rest_route=%2Fwp%2Fv2%2Fproduct_cat&post=10688"},{"taxonomy":"product_tag","embeddable":true,"href":"https:\/\/rollierpaysage.ch\/index.php?rest_route=%2Fwp%2Fv2%2Fproduct_tag&post=10688"}],"curies":[{"name":"wp","href":"https:\/\/api.w.org\/{rel}","templated":true}]}}