{"id":728,"date":"2017-07-04T10:07:42","date_gmt":"2017-07-04T08:07:42","guid":{"rendered":"http:\/\/rollierpaysage.ch\/rollierp\/?page_id=728"},"modified":"2017-08-02T10:19:01","modified_gmt":"2017-08-02T08:19:01","slug":"creer-2","status":"publish","type":"page","link":"https:\/\/rollierpaysage.ch\/?page_id=728","title":{"rendered":"Cr\u00e9er"},"content":{"rendered":"\t\t<div data-elementor-type=\"wp-post\" data-elementor-id=\"728\" class=\"elementor elementor-728 elementor-bc-flex-widget\">\n\t\t\t\t\t\t<section class=\"elementor-section elementor-top-section elementor-element elementor-element-snqolbj elementor-section-boxed elementor-section-height-default elementor-section-height-default\" data-id=\"snqolbj\" data-element_type=\"section\" data-e-type=\"section\">\n\t\t\t\t\t\t<div class=\"elementor-container elementor-column-gap-default\">\n\t\t\t\t\t<div class=\"elementor-column elementor-col-100 elementor-top-column elementor-element elementor-element-vt88egl\" data-id=\"vt88egl\" data-element_type=\"column\" data-e-type=\"column\">\n\t\t\t<div class=\"elementor-widget-wrap elementor-element-populated\">\n\t\t\t\t\t\t<div class=\"elementor-element elementor-element-4lct7f5 elementor-widget elementor-widget-text-editor\" data-id=\"4lct7f5\" data-element_type=\"widget\" data-e-type=\"widget\" data-widget_type=\"text-editor.default\">\n\t\t\t\t<div class=\"elementor-widget-container\">\n\t\t\t\t\t\t\t\t\t<h2><span style=\"color: rgba(0,142,140, 0.85);\">Nous am\u00e9nageons les\u00a0<strong>jardins priv\u00e9s<\/strong> et les <strong>jardins publics<\/strong>.<\/span><\/h2>\t\t\t\t\t\t\t\t<\/div>\n\t\t\t\t<\/div>\n\t\t\t\t\t<\/div>\n\t\t<\/div>\n\t\t\t\t\t<\/div>\n\t\t<\/section>\n\t\t\t\t<section class=\"elementor-section elementor-top-section elementor-element elementor-element-8y6z21f elementor-section-boxed elementor-section-height-default elementor-section-height-default\" data-id=\"8y6z21f\" data-element_type=\"section\" data-e-type=\"section\">\n\t\t\t\t\t\t<div class=\"elementor-container elementor-column-gap-default\">\n\t\t\t\t\t<div class=\"elementor-column elementor-col-100 elementor-top-column elementor-element elementor-element-mgxo4ow\" data-id=\"mgxo4ow\" data-element_type=\"column\" data-e-type=\"column\">\n\t\t\t<div class=\"elementor-widget-wrap elementor-element-populated\">\n\t\t\t\t\t\t<div class=\"elementor-element elementor-element-ni5jsns elementor-widget elementor-widget-text-editor\" data-id=\"ni5jsns\" data-element_type=\"widget\" data-e-type=\"widget\" data-widget_type=\"text-editor.default\">\n\t\t\t\t<div class=\"elementor-widget-container\">\n\t\t\t\t\t\t\t\t\t<p>Nous construisons des <strong>places de jeux<\/strong>, des <strong>murs en pierre s\u00e8che<\/strong>\u00a0et des <strong>cl\u00f4tures<\/strong>. Nous r\u00e9alisons les am\u00e9nagements ext\u00e9rieurs d\u2019immeubles, terrasses, bordures, cheminements et plantations.<\/p>\t\t\t\t\t\t\t\t<\/div>\n\t\t\t\t<\/div>\n\t\t\t\t<div class=\"elementor-element elementor-element-860x9sr elementor-widget elementor-widget-image\" data-id=\"860x9sr\" data-element_type=\"widget\" data-e-type=\"widget\" data-widget_type=\"image.default\">\n\t\t\t\t<div class=\"elementor-widget-container\">\n\t\t\t\t\t\t\t\t\t\t\t\t\t\t\t<img fetchpriority=\"high\" decoding=\"async\" width=\"783\" height=\"530\" src=\"https:\/\/rollierpaysage.ch\/rollierp\/wp-content\/uploads\/2017\/07\/Creer_photos4_-1024x693.jpg\" class=\"attachment-large size-large wp-image-1251\" alt=\"\" srcset=\"https:\/\/rollierpaysage.ch\/rollierp\/wp-content\/uploads\/2017\/07\/Creer_photos4_-1024x693.jpg 1024w, https:\/\/rollierpaysage.ch\/rollierp\/wp-content\/uploads\/2017\/07\/Creer_photos4_-600x406.jpg 600w, https:\/\/rollierpaysage.ch\/rollierp\/wp-content\/uploads\/2017\/07\/Creer_photos4_-300x203.jpg 300w, https:\/\/rollierpaysage.ch\/rollierp\/wp-content\/uploads\/2017\/07\/Creer_photos4_-768x520.jpg 768w, https:\/\/rollierpaysage.ch\/rollierp\/wp-content\/uploads\/2017\/07\/Creer_photos4_.jpg 1600w\" sizes=\"(max-width: 783px) 100vw, 783px\" \/>\t\t\t\t\t\t\t\t\t\t\t\t\t\t\t<\/div>\n\t\t\t\t<\/div>\n\t\t\t\t<div class=\"elementor-element elementor-element-fu0unop elementor-widget elementor-widget-image\" data-id=\"fu0unop\" data-element_type=\"widget\" data-e-type=\"widget\" data-widget_type=\"image.default\">\n\t\t\t\t<div class=\"elementor-widget-container\">\n\t\t\t\t\t\t\t\t\t\t\t\t\t\t\t<img decoding=\"async\" width=\"783\" height=\"634\" src=\"https:\/\/rollierpaysage.ch\/rollierp\/wp-content\/uploads\/2017\/07\/Creer_photos3_-1024x829.jpg\" class=\"attachment-large size-large wp-image-1250\" alt=\"\" srcset=\"https:\/\/rollierpaysage.ch\/rollierp\/wp-content\/uploads\/2017\/07\/Creer_photos3_-1024x829.jpg 1024w, https:\/\/rollierpaysage.ch\/rollierp\/wp-content\/uploads\/2017\/07\/Creer_photos3_-600x486.jpg 600w, https:\/\/rollierpaysage.ch\/rollierp\/wp-content\/uploads\/2017\/07\/Creer_photos3_-300x243.jpg 300w, https:\/\/rollierpaysage.ch\/rollierp\/wp-content\/uploads\/2017\/07\/Creer_photos3_-768x622.jpg 768w, https:\/\/rollierpaysage.ch\/rollierp\/wp-content\/uploads\/2017\/07\/Creer_photos3_.jpg 1600w\" sizes=\"(max-width: 783px) 100vw, 783px\" \/>\t\t\t\t\t\t\t\t\t\t\t\t\t\t\t<\/div>\n\t\t\t\t<\/div>\n\t\t\t\t\t<\/div>\n\t\t<\/div>\n\t\t\t\t\t<\/div>\n\t\t<\/section>\n\t\t\t\t<\/div>\n\t\t","protected":false},"excerpt":{"rendered":"<p>Le jardin est un espace de bien-\u00eatre, de d\u00e9tente, de convivialit\u00e9 et de dialogue ! <\/p>\n","protected":false},"author":1,"featured_media":711,"parent":0,"menu_order":2,"comment_status":"closed","ping_status":"closed","template":"page-templates\/template-services.php","meta":{"footnotes":""},"class_list":["post-728","page","type-page","status-publish","has-post-thumbnail","hentry"],"_links":{"self":[{"href":"https:\/\/rollierpaysage.ch\/index.php?rest_route=\/wp\/v2\/pages\/728","targetHints":{"allow":["GET"]}}],"collection":[{"href":"https:\/\/rollierpaysage.ch\/index.php?rest_route=\/wp\/v2\/pages"}],"about":[{"href":"https:\/\/rollierpaysage.ch\/index.php?rest_route=\/wp\/v2\/types\/page"}],"author":[{"embeddable":true,"href":"https:\/\/rollierpaysage.ch\/index.php?rest_route=\/wp\/v2\/users\/1"}],"replies":[{"embeddable":true,"href":"https:\/\/rollierpaysage.ch\/index.php?rest_route=%2Fwp%2Fv2%2Fcomments&post=728"}],"version-history":[{"count":23,"href":"https:\/\/rollierpaysage.ch\/index.php?rest_route=\/wp\/v2\/pages\/728\/revisions"}],"predecessor-version":[{"id":1276,"href":"https:\/\/rollierpaysage.ch\/index.php?rest_route=\/wp\/v2\/pages\/728\/revisions\/1276"}],"wp:featuredmedia":[{"embeddable":true,"href":"https:\/\/rollierpaysage.ch\/index.php?rest_route=\/wp\/v2\/media\/711"}],"wp:attachment":[{"href":"https:\/\/rollierpaysage.ch\/index.php?rest_route=%2Fwp%2Fv2%2Fmedia&parent=728"}],"curies":[{"name":"wp","href":"https:\/\/api.w.org\/{rel}","templated":true}]}}