{"id":6,"date":"2017-01-15T18:55:00","date_gmt":"2017-01-15T17:55:00","guid":{"rendered":"http:\/\/rollierpaysage.ch\/rollierp\/?page_id=6"},"modified":"2019-08-15T18:20:52","modified_gmt":"2019-08-15T16:20:52","slug":"presentation","status":"publish","type":"page","link":"https:\/\/rollierpaysage.ch\/","title":{"rendered":""},"content":{"rendered":"","protected":false},"excerpt":{"rendered":"\n<p style=\"color: rgba(0,142,140, 0.85);\"><b>Qui sommes nous?<\/p>\n<li>Rollier Paysage SA est une entreprise familiale \u00e9tablie au Val-de-Ruz, dans le canton de Neuch\u00e2tel. <b>Fond\u00e9e en 1982<\/b><\/p>\n<p> par Marie-Claude et Luc Rollier, l\u2019entreprise, qui s\u2019est d\u00e9velopp\u00e9e au fil des ann\u00e9es, r\u00e9alise et entretient des jardins et des am\u00e9nagements ext\u00e9rieurs. En 2016, Lionel Rollier, biologiste de formation, a rejoint la soci\u00e9t\u00e9 pour reprendre le flambeau le moment venu.<\/li>\n<\/ul>\n<\/li>\n<\/ul>\n<p style=\"text-align: left;\">Actuellement, Rollier Paysage SA emploie quatorze collaborateurs, dont trois apprentis. Notre \u00e9quipe de jardiniers paysagistes qualifi\u00e9s et dynamiques est pr\u00eate \u00e0 r\u00e9aliser vos envies. Nous sommes \u00e0 votre \u00e9coute et nous vous conseillons\u00a0! Gr\u00e2ce \u00e0 l\u2019exp\u00e9rience, au savoir-faire et \u00e0 notre \u00e9quipement adapt\u00e9, nous vous proposons nos services, de la conception, de la cr\u00e9ation et de l\u2019entretien du jardin de vos r\u00eaves.<\/p>\n<ul>\n<li><strong>Philosophie d\u2019entreprise \/ Valeurs d\u2019entreprise<\/strong>\n<ul>\n<li>Rollier Paysage SA d\u00e9fend plusieurs valeurs qui lui sont ch\u00e8res. Mais le respect est une des valeurs cl\u00e9 de notre entreprise. Sur le plan \u00e9conomique, notre entreprise accorde une grande importance aux bonnes pratiques du m\u00e9tier. Pour nous, l\u2019exigence professionnelle est indissociable de la qualit\u00e9 et de la fiabilit\u00e9 de nos prestations.\u00a0Etant membre de JardinSuisse, nous nous engageons \u00e0 respecter les conventions collectives par exemple. Sur le plan sociale, notre entreprise s\u2019est toujours montr\u00e9e disponible pour former des apprentis et soutient la formation continue. Rollier Paysage SA est \u00e0 l\u2019\u00e9coute de ses collaborateurs et de ses clients\u00a0! Sur le plan \u00e9cologique, nous sommes sensibles \u00e0 l\u2019\u00e9volution de notre environnement et de sa richesse. Nous nous engageons \u00e0 pr\u00e9server la biodiversit\u00e9. Dans la mesure du possible, notre entreprise, utilise des traitements biologiques pour diminuer la pollution des produits chimiques. Nous valorisons les d\u00e9chets de jardin en les transformant en compost.<\/li>\n<\/ul>\n<\/li>\n<\/ul>\n<hr \/>\n<h3>Contactez-nous<\/h3>\n[contact-form-7 id=\"17\" title=\"Formulaire de contact 1\"]\n","protected":false},"author":1,"featured_media":70,"parent":0,"menu_order":0,"comment_status":"closed","ping_status":"closed","template":"","meta":{"footnotes":""},"class_list":["post-6","page","type-page","status-publish","has-post-thumbnail","hentry"],"_links":{"self":[{"href":"https:\/\/rollierpaysage.ch\/index.php?rest_route=\/wp\/v2\/pages\/6","targetHints":{"allow":["GET"]}}],"collection":[{"href":"https:\/\/rollierpaysage.ch\/index.php?rest_route=\/wp\/v2\/pages"}],"about":[{"href":"https:\/\/rollierpaysage.ch\/index.php?rest_route=\/wp\/v2\/types\/page"}],"author":[{"embeddable":true,"href":"https:\/\/rollierpaysage.ch\/index.php?rest_route=\/wp\/v2\/users\/1"}],"replies":[{"embeddable":true,"href":"https:\/\/rollierpaysage.ch\/index.php?rest_route=%2Fwp%2Fv2%2Fcomments&post=6"}],"version-history":[{"count":61,"href":"https:\/\/rollierpaysage.ch\/index.php?rest_route=\/wp\/v2\/pages\/6\/revisions"}],"predecessor-version":[{"id":1598,"href":"https:\/\/rollierpaysage.ch\/index.php?rest_route=\/wp\/v2\/pages\/6\/revisions\/1598"}],"wp:featuredmedia":[{"embeddable":true,"href":"https:\/\/rollierpaysage.ch\/index.php?rest_route=\/wp\/v2\/media\/70"}],"wp:attachment":[{"href":"https:\/\/rollierpaysage.ch\/index.php?rest_route=%2Fwp%2Fv2%2Fmedia&parent=6"}],"curies":[{"name":"wp","href":"https:\/\/api.w.org\/{rel}","templated":true}]}}