{"id":109,"date":"2017-02-11T08:17:37","date_gmt":"2017-02-11T07:17:37","guid":{"rendered":"http:\/\/rollierpaysage.ch\/rollierp\/?page_id=109"},"modified":"2017-08-09T22:27:41","modified_gmt":"2017-08-09T20:27:41","slug":"philosophie","status":"publish","type":"page","link":"https:\/\/rollierpaysage.ch\/?page_id=109","title":{"rendered":"Philosophie"},"content":{"rendered":"","protected":false},"excerpt":{"rendered":"<h3><font color: rgba(0,142,140, 0.85);\">Rollier Paysage SA d\u00e9fend plusieurs valeurs qui lui sont ch\u00e8res. Mais le respect est une des valeurs cl\u00e9 de notre entreprise. <\/h3>\n<p style=\"text-align: justify;\">Sur le plan \u00e9conomique, notre entreprise accorde une grande importance aux bonnes pratiques du m\u00e9tier. Pour nous, l\u2019exigence professionnelle est indissociable de la qualit\u00e9 et de la fiabilit\u00e9 de nos prestations.\u00a0Etant membre de <font color: rgba(0,142,140, 0.85);\"><b>Jardin Suisse<\/b><\/font>, nous nous engageons \u00e0 respecter les conventions collectives par exemple. Sur le plan sociale, notre entreprise s\u2019est toujours montr\u00e9e disponible pour former des apprentis et soutient la formation continue. Rollier Paysage SA est \u00e0 l\u2019\u00e9coute de ses collaborateurs et de ses clients\u00a0! <\/p>\n<p>Sur le <font color: rgba(0,142,140, 0.85);\">plan \u00e9cologique, nous sommes <b>sensibles \u00e0 l\u2019\u00e9volution<\/b> de <b>notre environnement<\/b> et de <b>sa richesse<\/b>.  Nous nous engageons \u00e0 <font color: rgba(0,142,140, 0.85);\"><b>pr\u00e9server la biodiversit\u00e9 avec diff\u00e9rentes mesures.<\/b> Nous favorisons la mise en place de prairies fleuries et nous les entretenons de mani\u00e8re extensive. S\u2019il le faut nous choisissons de traiter les plantes \u00e0 l\u2019aide de produits biologiques et biod\u00e9gradables. Nous valorisons les d\u00e9chets de jardin. Avec les branches, nous produisons des plaquettes ou du BRF (bois ram\u00e9al fragment\u00e9) et avec les autres d\u00e9chets de jardin nous les compostons.<\/p>\n<h4>Chaque geste compte\u00a0!<\/h4><\/p>\n","protected":false},"author":1,"featured_media":1273,"parent":0,"menu_order":0,"comment_status":"closed","ping_status":"closed","template":"","meta":{"footnotes":""},"class_list":["post-109","page","type-page","status-publish","has-post-thumbnail","hentry"],"_links":{"self":[{"href":"https:\/\/rollierpaysage.ch\/index.php?rest_route=\/wp\/v2\/pages\/109","targetHints":{"allow":["GET"]}}],"collection":[{"href":"https:\/\/rollierpaysage.ch\/index.php?rest_route=\/wp\/v2\/pages"}],"about":[{"href":"https:\/\/rollierpaysage.ch\/index.php?rest_route=\/wp\/v2\/types\/page"}],"author":[{"embeddable":true,"href":"https:\/\/rollierpaysage.ch\/index.php?rest_route=\/wp\/v2\/users\/1"}],"replies":[{"embeddable":true,"href":"https:\/\/rollierpaysage.ch\/index.php?rest_route=%2Fwp%2Fv2%2Fcomments&post=109"}],"version-history":[{"count":35,"href":"https:\/\/rollierpaysage.ch\/index.php?rest_route=\/wp\/v2\/pages\/109\/revisions"}],"predecessor-version":[{"id":1298,"href":"https:\/\/rollierpaysage.ch\/index.php?rest_route=\/wp\/v2\/pages\/109\/revisions\/1298"}],"wp:featuredmedia":[{"embeddable":true,"href":"https:\/\/rollierpaysage.ch\/index.php?rest_route=\/wp\/v2\/media\/1273"}],"wp:attachment":[{"href":"https:\/\/rollierpaysage.ch\/index.php?rest_route=%2Fwp%2Fv2%2Fmedia&parent=109"}],"curies":[{"name":"wp","href":"https:\/\/api.w.org\/{rel}","templated":true}]}}