{"id":101,"date":"2017-02-11T08:13:19","date_gmt":"2017-02-11T07:13:19","guid":{"rendered":"http:\/\/rollierpaysage.ch\/rollierp\/?page_id=101"},"modified":"2019-08-15T09:05:13","modified_gmt":"2019-08-15T07:05:13","slug":"rollier-paysage-sa","status":"publish","type":"page","link":"https:\/\/rollierpaysage.ch\/?page_id=101","title":{"rendered":"Portrait"},"content":{"rendered":"\t\t<div data-elementor-type=\"wp-post\" data-elementor-id=\"101\" class=\"elementor elementor-101 elementor-bc-flex-widget\">\n\t\t\t\t\t\t<section class=\"elementor-section elementor-top-section elementor-element elementor-element-bj0decr elementor-section-boxed elementor-section-height-default elementor-section-height-default\" data-id=\"bj0decr\" data-element_type=\"section\" data-e-type=\"section\">\n\t\t\t\t\t\t<div class=\"elementor-container elementor-column-gap-default\">\n\t\t\t\t\t<div class=\"elementor-column elementor-col-100 elementor-top-column elementor-element elementor-element-0oibvc5\" data-id=\"0oibvc5\" data-element_type=\"column\" data-e-type=\"column\">\n\t\t\t<div class=\"elementor-widget-wrap elementor-element-populated\">\n\t\t\t\t\t\t<div class=\"elementor-element elementor-element-qmimxgn elementor-widget elementor-widget-heading\" data-id=\"qmimxgn\" data-element_type=\"widget\" data-e-type=\"widget\" data-widget_type=\"heading.default\">\n\t\t\t\t<div class=\"elementor-widget-container\">\n\t\t\t\t\t<h2 class=\"elementor-heading-title elementor-size-default\">C\u2019est un \u00e9l\u00e9ment de titrage<\/h2>\t\t\t\t<\/div>\n\t\t\t\t<\/div>\n\t\t\t\t<section class=\"elementor-section elementor-inner-section elementor-element elementor-element-sv28fz5 elementor-section-boxed elementor-section-height-default elementor-section-height-default\" data-id=\"sv28fz5\" data-element_type=\"section\" data-e-type=\"section\">\n\t\t\t\t\t\t<div class=\"elementor-container elementor-column-gap-default\">\n\t\t\t\t\t<div class=\"elementor-column elementor-col-50 elementor-inner-column elementor-element elementor-element-4r7yb6u\" data-id=\"4r7yb6u\" data-element_type=\"column\" data-e-type=\"column\">\n\t\t\t<div class=\"elementor-widget-wrap elementor-element-populated\">\n\t\t\t\t\t\t<div class=\"elementor-element elementor-element-nu8nrfj elementor-widget elementor-widget-image\" data-id=\"nu8nrfj\" data-element_type=\"widget\" data-e-type=\"widget\" data-widget_type=\"image.default\">\n\t\t\t\t<div class=\"elementor-widget-container\">\n\t\t\t\t\t\t\t\t\t\t\t\t\t\t\t<img fetchpriority=\"high\" decoding=\"async\" width=\"783\" height=\"469\" src=\"https:\/\/rollierpaysage.ch\/rollierp\/wp-content\/uploads\/2017\/07\/Conseiller_photos1-1024x614.jpg\" class=\"attachment-large size-large wp-image-1002\" alt=\"\" srcset=\"https:\/\/rollierpaysage.ch\/rollierp\/wp-content\/uploads\/2017\/07\/Conseiller_photos1-1024x614.jpg 1024w, https:\/\/rollierpaysage.ch\/rollierp\/wp-content\/uploads\/2017\/07\/Conseiller_photos1-600x360.jpg 600w, https:\/\/rollierpaysage.ch\/rollierp\/wp-content\/uploads\/2017\/07\/Conseiller_photos1-300x180.jpg 300w, https:\/\/rollierpaysage.ch\/rollierp\/wp-content\/uploads\/2017\/07\/Conseiller_photos1-768x461.jpg 768w, https:\/\/rollierpaysage.ch\/rollierp\/wp-content\/uploads\/2017\/07\/Conseiller_photos1.jpg 1600w\" sizes=\"(max-width: 783px) 100vw, 783px\" \/>\t\t\t\t\t\t\t\t\t\t\t\t\t\t\t<\/div>\n\t\t\t\t<\/div>\n\t\t\t\t\t<\/div>\n\t\t<\/div>\n\t\t\t\t<div class=\"elementor-column elementor-col-50 elementor-inner-column elementor-element elementor-element-zsbx7gq\" data-id=\"zsbx7gq\" data-element_type=\"column\" data-e-type=\"column\">\n\t\t\t<div class=\"elementor-widget-wrap elementor-element-populated\">\n\t\t\t\t\t\t<div class=\"elementor-element elementor-element-fwidryh elementor-widget elementor-widget-text-editor\" data-id=\"fwidryh\" data-element_type=\"widget\" data-e-type=\"widget\" data-widget_type=\"text-editor.default\">\n\t\t\t\t<div class=\"elementor-widget-container\">\n\t\t\t\t\t\t\t\t\t<p>Je suis un bloc de texte. Cliquez sur le bouton modifier pour changer ce texte. Lorem ipsum dolor sit amet, consectetur adipiscing elit. Ut elit tellus, luctus nec ullamcorper mattis, pulvinar dapibus leo.<\/p>\t\t\t\t\t\t\t\t<\/div>\n\t\t\t\t<\/div>\n\t\t\t\t\t<\/div>\n\t\t<\/div>\n\t\t\t\t\t<\/div>\n\t\t<\/section>\n\t\t\t\t\t<\/div>\n\t\t<\/div>\n\t\t\t\t\t<\/div>\n\t\t<\/section>\n\t\t\t\t<\/div>\n\t\t","protected":false},"excerpt":{"rendered":"<h3>Rollier Paysage SA est une entreprise familiale \u00e9tablie au Val-de-Ruz, dans le canton de Neuch\u00e2tel. <font color: rgba(0,142,140, 0.85);\"><\/h3>\n<p style=\"text-align: justify;\"><b>Fond\u00e9e en 1982<\/b><\/font> par Marie-Claude et Luc Rollier, l\u2019entreprise, qui s\u2019est d\u00e9velopp\u00e9e au fil des ann\u00e9es, r\u00e9alise et entretient des jardins et des am\u00e9nagements ext\u00e9rieurs. En 2016, Lionel Rollier, biologiste de formation, a rejoint la soci\u00e9t\u00e9 pour reprendre le flambeau le moment venu. <\/p>\n<p style=\"text-align: justify;\">Actuellement, Rollier Paysage SA emploie quatorze collaborateurs, dont trois apprentis. Notre \u00e9quipe de<b> jardiniers paysagistes qualifi\u00e9s<\/b> et <b>dynamiques<\/b> est pr\u00eate \u00e0 r\u00e9aliser vos envies. Nous sommes \u00e0 votre \u00e9coute et nous vous conseillons\u00a0! Gr\u00e2ce \u00e0 l\u2019exp\u00e9rience, au savoir-faire et \u00e0 notre \u00e9quipement adapt\u00e9, nous vous proposons nos services, de la <b>conception<\/b>, de la <b>cr\u00e9ation<\/b> et de l\u2019<b>entretien de votre jardin<\/b>.<\/p>\n","protected":false},"author":1,"featured_media":1572,"parent":0,"menu_order":0,"comment_status":"closed","ping_status":"closed","template":"","meta":{"footnotes":""},"class_list":["post-101","page","type-page","status-publish","has-post-thumbnail","hentry"],"_links":{"self":[{"href":"https:\/\/rollierpaysage.ch\/index.php?rest_route=\/wp\/v2\/pages\/101","targetHints":{"allow":["GET"]}}],"collection":[{"href":"https:\/\/rollierpaysage.ch\/index.php?rest_route=\/wp\/v2\/pages"}],"about":[{"href":"https:\/\/rollierpaysage.ch\/index.php?rest_route=\/wp\/v2\/types\/page"}],"author":[{"embeddable":true,"href":"https:\/\/rollierpaysage.ch\/index.php?rest_route=\/wp\/v2\/users\/1"}],"replies":[{"embeddable":true,"href":"https:\/\/rollierpaysage.ch\/index.php?rest_route=%2Fwp%2Fv2%2Fcomments&post=101"}],"version-history":[{"count":47,"href":"https:\/\/rollierpaysage.ch\/index.php?rest_route=\/wp\/v2\/pages\/101\/revisions"}],"predecessor-version":[{"id":1289,"href":"https:\/\/rollierpaysage.ch\/index.php?rest_route=\/wp\/v2\/pages\/101\/revisions\/1289"}],"wp:featuredmedia":[{"embeddable":true,"href":"https:\/\/rollierpaysage.ch\/index.php?rest_route=\/wp\/v2\/media\/1572"}],"wp:attachment":[{"href":"https:\/\/rollierpaysage.ch\/index.php?rest_route=%2Fwp%2Fv2%2Fmedia&parent=101"}],"curies":[{"name":"wp","href":"https:\/\/api.w.org\/{rel}","templated":true}]}}