{"id":3543,"date":"2026-04-15T15:55:58","date_gmt":"2026-04-15T13:55:58","guid":{"rendered":"https:\/\/rollierpaysage.ch\/espace-plantons\/?post_type=product&#038;p=3543"},"modified":"2026-04-15T15:56:17","modified_gmt":"2026-04-15T13:56:17","slug":"tomate-matina","status":"publish","type":"product","link":"https:\/\/rollierpaysage.ch\/espace-plantons\/produit\/tomate-matina\/","title":{"rendered":"Tomate Matina"},"content":{"rendered":"","protected":false},"excerpt":{"rendered":"<p>Ancienne vari\u00e9t\u00e9 pr\u00e9coce, feuille semblable \u00e0 celles de la pomme de terre, bonne r\u00e9sistance contre le mildiou. Convient particuli\u00e8rement \u00e0 la culture de plein champ.<\/p>\n","protected":false},"featured_media":3573,"comment_status":"closed","ping_status":"closed","template":"","meta":{"_acf_changed":false},"product_brand":[],"product_cat":[81,82,79,97,100],"product_tag":[],"class_list":{"0":"post-3543","1":"product","2":"type-product","3":"status-publish","4":"has-post-thumbnail","6":"product_cat-bientot-disponible","7":"product_cat-legumes-fruits","8":"product_cat-plantons","9":"product_cat-tomate","10":"product_cat-tomate-a-fruits-moyens","12":"first","13":"outofstock","14":"shipping-taxable","15":"purchasable","16":"product-type-simple"},"acf":[],"_links":{"self":[{"href":"https:\/\/rollierpaysage.ch\/espace-plantons\/wp-json\/wp\/v2\/product\/3543","targetHints":{"allow":["GET"]}}],"collection":[{"href":"https:\/\/rollierpaysage.ch\/espace-plantons\/wp-json\/wp\/v2\/product"}],"about":[{"href":"https:\/\/rollierpaysage.ch\/espace-plantons\/wp-json\/wp\/v2\/types\/product"}],"replies":[{"embeddable":true,"href":"https:\/\/rollierpaysage.ch\/espace-plantons\/wp-json\/wp\/v2\/comments?post=3543"}],"wp:featuredmedia":[{"embeddable":true,"href":"https:\/\/rollierpaysage.ch\/espace-plantons\/wp-json\/wp\/v2\/media\/3573"}],"wp:attachment":[{"href":"https:\/\/rollierpaysage.ch\/espace-plantons\/wp-json\/wp\/v2\/media?parent=3543"}],"wp:term":[{"taxonomy":"product_brand","embeddable":true,"href":"https:\/\/rollierpaysage.ch\/espace-plantons\/wp-json\/wp\/v2\/product_brand?post=3543"},{"taxonomy":"product_cat","embeddable":true,"href":"https:\/\/rollierpaysage.ch\/espace-plantons\/wp-json\/wp\/v2\/product_cat?post=3543"},{"taxonomy":"product_tag","embeddable":true,"href":"https:\/\/rollierpaysage.ch\/espace-plantons\/wp-json\/wp\/v2\/product_tag?post=3543"}],"curies":[{"name":"wp","href":"https:\/\/api.w.org\/{rel}","templated":true}]}}