{"id":3499,"date":"2026-04-15T15:55:14","date_gmt":"2026-04-15T13:55:14","guid":{"rendered":"https:\/\/rollierpaysage.ch\/espace-plantons\/?post_type=product&#038;p=3499"},"modified":"2026-04-15T15:55:53","modified_gmt":"2026-04-15T13:55:53","slug":"piment-fort","status":"publish","type":"product","link":"https:\/\/rollierpaysage.ch\/espace-plantons\/produit\/piment-fort\/","title":{"rendered":"Piment fort"},"content":{"rendered":"","protected":false},"excerpt":{"rendered":"<p>Vari\u00e9t\u00e9 pr\u00e9coce produisant des fruits courts, mince et pointus. Ils poussent dress\u00e9s et leur saveur est tr\u00e8s piquante.<\/p>\n<p>La r\u00e9colte se fait de juillet \u00e0 octobre.<\/p>\n<p>Distance de plantation: 40 cm.<\/p>\n","protected":false},"featured_media":3540,"comment_status":"closed","ping_status":"closed","template":"","meta":{"_acf_changed":false},"product_brand":[],"product_cat":[81,82,95,79,94],"product_tag":[],"class_list":{"0":"post-3499","1":"product","2":"type-product","3":"status-publish","4":"has-post-thumbnail","6":"product_cat-bientot-disponible","7":"product_cat-legumes-fruits","8":"product_cat-piments","9":"product_cat-plantons","10":"product_cat-poivron-piment","12":"first","13":"outofstock","14":"shipping-taxable","15":"purchasable","16":"product-type-simple"},"acf":[],"_links":{"self":[{"href":"https:\/\/rollierpaysage.ch\/espace-plantons\/wp-json\/wp\/v2\/product\/3499","targetHints":{"allow":["GET"]}}],"collection":[{"href":"https:\/\/rollierpaysage.ch\/espace-plantons\/wp-json\/wp\/v2\/product"}],"about":[{"href":"https:\/\/rollierpaysage.ch\/espace-plantons\/wp-json\/wp\/v2\/types\/product"}],"replies":[{"embeddable":true,"href":"https:\/\/rollierpaysage.ch\/espace-plantons\/wp-json\/wp\/v2\/comments?post=3499"}],"wp:featuredmedia":[{"embeddable":true,"href":"https:\/\/rollierpaysage.ch\/espace-plantons\/wp-json\/wp\/v2\/media\/3540"}],"wp:attachment":[{"href":"https:\/\/rollierpaysage.ch\/espace-plantons\/wp-json\/wp\/v2\/media?parent=3499"}],"wp:term":[{"taxonomy":"product_brand","embeddable":true,"href":"https:\/\/rollierpaysage.ch\/espace-plantons\/wp-json\/wp\/v2\/product_brand?post=3499"},{"taxonomy":"product_cat","embeddable":true,"href":"https:\/\/rollierpaysage.ch\/espace-plantons\/wp-json\/wp\/v2\/product_cat?post=3499"},{"taxonomy":"product_tag","embeddable":true,"href":"https:\/\/rollierpaysage.ch\/espace-plantons\/wp-json\/wp\/v2\/product_tag?post=3499"}],"curies":[{"name":"wp","href":"https:\/\/api.w.org\/{rel}","templated":true}]}}